{"id":9886,"date":"2026-02-23T22:39:09","date_gmt":"2026-02-24T04:39:09","guid":{"rendered":"https:\/\/www.alba-pharma.com\/verificar-produto\/"},"modified":"2026-04-18T12:16:31","modified_gmt":"2026-04-18T18:16:31","slug":"verificar-produto","status":"publish","type":"page","link":"https:\/\/www.alba-pharma.com\/pt-br\/verificar-produto\/","title":{"rendered":"Verificar Produto"},"content":{"rendered":"\t\t<div data-elementor-type=\"wp-page\" data-elementor-id=\"9886\" class=\"elementor elementor-9886 elementor-9006\" data-elementor-post-type=\"page\">\n\t\t\t\t<div class=\"elementor-element elementor-element-ce9032c e-flex e-con-boxed e-con e-parent\" data-id=\"ce9032c\" data-element_type=\"container\" data-e-type=\"container\" data-settings=\"{&quot;background_background&quot;:&quot;classic&quot;}\">\n\t\t\t\t\t<div class=\"e-con-inner\">\n\t\t\n\t\t<div class=\"elementor-element elementor-element-db5233a elementor-widget elementor-widget-heading\" data-id=\"db5233a\" data-element_type=\"widget\" data-e-type=\"widget\" data-widget_type=\"heading.default\">\n\t\t\t\t<div class=\"elementor-widget-container\">\n\t\t\t\t\t<h2 class=\"elementor-heading-title elementor-size-default\">GUIA DE VERIFICA\u00c7\u00c3O<\/h2>\t\t\t\t<\/div>\n\t\t\t\t<\/div>\n\t\t\t\t<div class=\"elementor-element elementor-element-966e692 elementor-widget elementor-widget-heading\" data-id=\"966e692\" data-element_type=\"widget\" data-e-type=\"widget\" data-widget_type=\"heading.default\">\n\t\t\t\t<div class=\"elementor-widget-container\">\n\t\t\t\t\t<h4 class=\"elementor-heading-title elementor-size-default\">Garanta a autenticidade da sua compra em 3 passos.<\/h4>\t\t\t\t<\/div>\n\t\t\t\t<\/div>\n\t\t\t\t\t<\/div>\n\t\t\t\t<\/div>\n\t\t<div class=\"elementor-element elementor-element-8de4771 e-flex e-con-boxed e-con e-parent\" data-id=\"8de4771\" data-element_type=\"container\" data-e-type=\"container\" data-settings=\"{&quot;background_background&quot;:&quot;classic&quot;}\">\n\t\t\t\t\t<div class=\"e-con-inner\">\n\t\t<div class=\"elementor-element elementor-element-0c07d5c e-con-full e-flex e-con e-child\" data-id=\"0c07d5c\" data-element_type=\"container\" data-e-type=\"container\" data-settings=\"{&quot;background_background&quot;:&quot;classic&quot;}\">\n\t\t\t\t<div class=\"elementor-element elementor-element-ac26216 elementor-widget elementor-widget-heading\" data-id=\"ac26216\" data-element_type=\"widget\" data-e-type=\"widget\" data-widget_type=\"heading.default\">\n\t\t\t\t<div class=\"elementor-widget-container\">\n\t\t\t\t\t<h2 class=\"elementor-heading-title elementor-size-default\">Localize seu c\u00f3digo <\/h2>\t\t\t\t<\/div>\n\t\t\t\t<\/div>\n\t\t\t\t<div class=\"elementor-element elementor-element-3692ce6 elementor-widget elementor-widget-text-editor\" data-id=\"3692ce6\" data-element_type=\"widget\" data-e-type=\"widget\" data-widget_type=\"text-editor.default\">\n\t\t\t\t<div class=\"elementor-widget-container\">\n\t\t\t\t\t\t\t\t\t<p>Encontre o c\u00f3digo QR de seguran\u00e7a. Este vem impresso de forma segura na <b data-path-to-node=\"2,1,0\" data-index-in-node=\"91\">aba interior<\/b> da caixa do seu produto.<\/p>\t\t\t\t\t\t\t\t<\/div>\n\t\t\t\t<\/div>\n\t\t\t\t<div class=\"elementor-element elementor-element-55dc848 elementor-widget elementor-widget-image\" data-id=\"55dc848\" data-element_type=\"widget\" data-e-type=\"widget\" data-widget_type=\"image.default\">\n\t\t\t\t<div class=\"elementor-widget-container\">\n\t\t\t\t\t\t\t\t\t\t\t\t\t\t\t<img fetchpriority=\"high\" decoding=\"async\" width=\"450\" height=\"293\" src=\"https:\/\/www.alba-pharma.com\/wp-content\/uploads\/2026\/04\/1-450x293.png\" class=\"attachment-woocommerce_thumbnail size-woocommerce_thumbnail wp-image-9885\" alt=\"\" srcset=\"https:\/\/www.alba-pharma.com\/wp-content\/uploads\/2026\/04\/1-450x293.png 450w, https:\/\/www.alba-pharma.com\/wp-content\/uploads\/2026\/04\/1-300x195.png 300w, https:\/\/www.alba-pharma.com\/wp-content\/uploads\/2026\/04\/1.png 465w\" sizes=\"(max-width: 450px) 100vw, 450px\" \/>\t\t\t\t\t\t\t\t\t\t\t\t\t\t\t<\/div>\n\t\t\t\t<\/div>\n\t\t\t\t<\/div>\n\t\t<div class=\"elementor-element elementor-element-3c55450 e-con-full e-flex e-con e-child\" data-id=\"3c55450\" data-element_type=\"container\" data-e-type=\"container\" data-settings=\"{&quot;background_background&quot;:&quot;classic&quot;}\">\n\t\t\t\t<div class=\"elementor-element elementor-element-96011b5 elementor-widget elementor-widget-heading\" data-id=\"96011b5\" data-element_type=\"widget\" data-e-type=\"widget\" data-widget_type=\"heading.default\">\n\t\t\t\t<div class=\"elementor-widget-container\">\n\t\t\t\t\t<h2 class=\"elementor-heading-title elementor-size-default\">Insira ou Escaneie<\/h2>\t\t\t\t<\/div>\n\t\t\t\t<\/div>\n\t\t\t\t<div class=\"elementor-element elementor-element-72930da elementor-widget elementor-widget-text-editor\" data-id=\"72930da\" data-element_type=\"widget\" data-e-type=\"widget\" data-widget_type=\"text-editor.default\">\n\t\t\t\t<div class=\"elementor-widget-container\">\n\t\t\t\t\t\t\t\t\t<p>Digite seu c\u00f3digo manualmente no campo de busca ou pressione o bot\u00e3o para usar sua c\u00e2mera.<\/p>\t\t\t\t\t\t\t\t<\/div>\n\t\t\t\t<\/div>\n\t\t\t\t<div class=\"elementor-element elementor-element-1807bf8 elementor-widget elementor-widget-image\" data-id=\"1807bf8\" data-element_type=\"widget\" data-e-type=\"widget\" data-widget_type=\"image.default\">\n\t\t\t\t<div class=\"elementor-widget-container\">\n\t\t\t\t\t\t\t\t\t\t\t\t\t\t\t<img decoding=\"async\" width=\"450\" height=\"293\" src=\"https:\/\/www.alba-pharma.com\/wp-content\/uploads\/2026\/04\/3-450x293.png\" class=\"attachment-woocommerce_thumbnail size-woocommerce_thumbnail wp-image-9883\" alt=\"\" srcset=\"https:\/\/www.alba-pharma.com\/wp-content\/uploads\/2026\/04\/3-450x293.png 450w, https:\/\/www.alba-pharma.com\/wp-content\/uploads\/2026\/04\/3-300x195.png 300w, https:\/\/www.alba-pharma.com\/wp-content\/uploads\/2026\/04\/3.png 465w\" sizes=\"(max-width: 450px) 100vw, 450px\" \/>\t\t\t\t\t\t\t\t\t\t\t\t\t\t\t<\/div>\n\t\t\t\t<\/div>\n\t\t\t\t<\/div>\n\t\t<div class=\"elementor-element elementor-element-7a79b84 e-con-full e-flex e-con e-child\" data-id=\"7a79b84\" data-element_type=\"container\" data-e-type=\"container\" data-settings=\"{&quot;background_background&quot;:&quot;classic&quot;}\">\n\t\t\t\t<div class=\"elementor-element elementor-element-cc054da elementor-widget elementor-widget-heading\" data-id=\"cc054da\" data-element_type=\"widget\" data-e-type=\"widget\" data-widget_type=\"heading.default\">\n\t\t\t\t<div class=\"elementor-widget-container\">\n\t\t\t\t\t<h2 class=\"elementor-heading-title elementor-size-default\">Valida\u00e7\u00e3o<\/h2>\t\t\t\t<\/div>\n\t\t\t\t<\/div>\n\t\t\t\t<div class=\"elementor-element elementor-element-c11dbce elementor-widget elementor-widget-text-editor\" data-id=\"c11dbce\" data-element_type=\"widget\" data-e-type=\"widget\" data-widget_type=\"text-editor.default\">\n\t\t\t\t<div class=\"elementor-widget-container\">\n\t\t\t\t\t\t\t\t\t<p>Nosso sistema confirmar\u00e1 a autenticidade ou alertar\u00e1 se o c\u00f3digo j\u00e1 foi usado.<\/p>\t\t\t\t\t\t\t\t<\/div>\n\t\t\t\t<\/div>\n\t\t\t\t<div class=\"elementor-element elementor-element-c3f6237 elementor-widget elementor-widget-image\" data-id=\"c3f6237\" data-element_type=\"widget\" data-e-type=\"widget\" data-widget_type=\"image.default\">\n\t\t\t\t<div class=\"elementor-widget-container\">\n\t\t\t\t\t\t\t\t\t\t\t\t\t\t\t<img decoding=\"async\" width=\"450\" height=\"293\" src=\"https:\/\/www.alba-pharma.com\/wp-content\/uploads\/2026\/04\/2-450x293.png\" class=\"attachment-woocommerce_thumbnail size-woocommerce_thumbnail wp-image-9884\" alt=\"\" srcset=\"https:\/\/www.alba-pharma.com\/wp-content\/uploads\/2026\/04\/2-450x293.png 450w, https:\/\/www.alba-pharma.com\/wp-content\/uploads\/2026\/04\/2-300x195.png 300w, https:\/\/www.alba-pharma.com\/wp-content\/uploads\/2026\/04\/2.png 465w\" sizes=\"(max-width: 450px) 100vw, 450px\" \/>\t\t\t\t\t\t\t\t\t\t\t\t\t\t\t<\/div>\n\t\t\t\t<\/div>\n\t\t\t\t<\/div>\n\t\t\t\t\t<\/div>\n\t\t\t\t<\/div>\n\t\t<div class=\"elementor-element elementor-element-611be21 e-flex e-con-boxed e-con e-parent\" data-id=\"611be21\" data-element_type=\"container\" data-e-type=\"container\">\n\t\t\t\t\t<div class=\"e-con-inner\">\n\t\t\t\t<div class=\"elementor-element elementor-element-e025356 elementor-widget elementor-widget-shortcode\" data-id=\"e025356\" data-element_type=\"widget\" data-e-type=\"widget\" data-widget_type=\"shortcode.default\">\n\t\t\t\t<div class=\"elementor-widget-container\">\n\t\t\t\t\t\t\t<div class=\"elementor-shortcode\"><div id=\"albapharma-verification-container\" class=\"albapharma-v\">\r\n    <div class=\"albapharma-v__header\">\r\n        <img decoding=\"async\" src=\"https:\/\/www.alba-pharma.com\/wp-content\/plugins\/Albapharma-Product-Verification\/assets\/img\/logo.png\" alt=\"Albapharma\"\r\n            class=\"albapharma-v__logo\" onerror=\"this.style.display='none'\">\r\n        <h2>\r\n            Verificaci\u00f3n de Autenticidad        <\/h2>\r\n        <p>\r\n            Ingrese el c\u00f3digo de seguridad o escanee el c\u00f3digo QR de su producto.        <\/p>\r\n    <\/div>\r\n\r\n    <div class=\"albapharma-v__body\">\r\n        <div id=\"albapharma-v-form\">\r\n            <div class=\"albapharma-v__input-group\">\r\n                <input type=\"text\" id=\"albapharma-code-input\"\r\n                    placeholder=\"Ingrese c\u00f3digo aqu\u00ed...\"\r\n                    value=\"\">\r\n                <button type=\"button\" id=\"albapharma-verify-btn\">\r\n                    Verificar                <\/button>\r\n            <\/div>\r\n\r\n            <div class=\"albapharma-v__divider\">\r\n                <span>\r\n                    O                <\/span>\r\n            <\/div>\r\n\r\n            <button type=\"button\" id=\"albapharma-scan-btn\" class=\"albapharma-v__btn-secondary\">\r\n                <span class=\"dashicons dashicons-qrcode\"><\/span>\r\n                Escanear C\u00f3digo QR            <\/button>\r\n        <\/div>\r\n\r\n        <div id=\"albapharma-qr-reader\" style=\"display: none;\"><\/div>\r\n\r\n        <div id=\"albapharma-v-result\" style=\"display: none;\">\r\n            <!-- Results will be injected here -->\r\n        <\/div>\r\n\r\n        <div id=\"albapharma-v-loader\" style=\"display: none;\">\r\n            <div class=\"albapharma-v__spinner\"><\/div>\r\n            <p>\r\n                Validando autenticidad...            <\/p>\r\n        <\/div>\r\n    <\/div>\r\n\r\n    <div class=\"albapharma-v__footer\">\r\n        <p>&copy;\r\n            2026 Albapharma.\r\n            Protegiendo tu salud.        <\/p>\r\n    <\/div>\r\n<\/div><\/div>\n\t\t\t\t\t\t<\/div>\n\t\t\t\t<\/div>\n\t\t\t\t\t<\/div>\n\t\t\t\t<\/div>\n\t\t\t\t<\/div>\n\t\t","protected":false},"excerpt":{"rendered":"<p>GUIA DE VERIFICA\u00c7\u00c3O Garanta a autenticidade da sua compra em 3 passos. Localize seu c\u00f3digo Encontre o c\u00f3digo QR de seguran\u00e7a. Este vem impresso de forma segura na aba interior da caixa do seu produto. Insira ou Escaneie Digite seu c\u00f3digo manualmente no campo de busca ou pressione o bot\u00e3o para usar sua c\u00e2mera. Valida\u00e7\u00e3o [&hellip;]<\/p>\n","protected":false},"author":1,"featured_media":0,"parent":0,"menu_order":0,"comment_status":"closed","ping_status":"closed","template":"","meta":{"footnotes":""},"class_list":["post-9886","page","type-page","status-publish","hentry"],"_links":{"self":[{"href":"https:\/\/www.alba-pharma.com\/pt-br\/wp-json\/wp\/v2\/pages\/9886","targetHints":{"allow":["GET"]}}],"collection":[{"href":"https:\/\/www.alba-pharma.com\/pt-br\/wp-json\/wp\/v2\/pages"}],"about":[{"href":"https:\/\/www.alba-pharma.com\/pt-br\/wp-json\/wp\/v2\/types\/page"}],"author":[{"embeddable":true,"href":"https:\/\/www.alba-pharma.com\/pt-br\/wp-json\/wp\/v2\/users\/1"}],"replies":[{"embeddable":true,"href":"https:\/\/www.alba-pharma.com\/pt-br\/wp-json\/wp\/v2\/comments?post=9886"}],"version-history":[{"count":1,"href":"https:\/\/www.alba-pharma.com\/pt-br\/wp-json\/wp\/v2\/pages\/9886\/revisions"}],"predecessor-version":[{"id":9890,"href":"https:\/\/www.alba-pharma.com\/pt-br\/wp-json\/wp\/v2\/pages\/9886\/revisions\/9890"}],"wp:attachment":[{"href":"https:\/\/www.alba-pharma.com\/pt-br\/wp-json\/wp\/v2\/media?parent=9886"}],"curies":[{"name":"wp","href":"https:\/\/api.w.org\/{rel}","templated":true}]}}