{"id":9414,"date":"2026-03-19T19:06:25","date_gmt":"2026-03-20T01:06:25","guid":{"rendered":"https:\/\/www.alba-pharma.com\/producto\/yk11-5-mg-60-comprimidos-administracao-oral\/"},"modified":"2026-03-19T19:06:25","modified_gmt":"2026-03-20T01:06:25","slug":"yk11-5-mg-60-comprimidos-administracao-oral","status":"publish","type":"product","link":"https:\/\/www.alba-pharma.com\/pt-br\/produto\/yk11-5-mg-60-comprimidos-administracao-oral\/","title":{"rendered":"YK11 5 mg &#8211; 60 Comprimidos &#8211; Administra\u00e7\u00e3o Oral"},"content":{"rendered":"<div class=\"paragraph\">\n<div class=\"paragraph\">\n<div class=\"paragraph\">\n<div class=\"paragraph\"><strong>YK11 5MG<\/strong> \u00e9 um modulador seletivo esteroidal do receptor de andr\u00f3genos (SARM) com atividade inibidora de miostatina que atua como agonista parcial AR e antagonista do receptor de activina tipo II (ActRIIB) em fibras musculares \u2192 hipertrofia muscular suprafisiol\u00f3gica mediante ativa\u00e7\u00e3o anab\u00f3lica dupla e bloqueio da limita\u00e7\u00e3o gen\u00e9tica do crescimento muscular.<\/div>\n<\/div>\n<\/div>\n<\/div>\n<ul>\n<li>A apresenta\u00e7\u00e3o inclui <strong>60 comprimidos<\/strong>. Voc\u00ea pode verificar a autenticidade do produto escaneando o c\u00f3digo QR na embalagem.<\/li>\n<\/ul>\n<p><strong>Advert\u00eancias:<\/strong><\/p>\n<ul>\n<li>Manter fora do alcance de crian\u00e7as.<\/li>\n<li>Armazenar em local seco e fresco.<\/li>\n<\/ul>\n<p><strong>Caracter\u00edsticas:<\/strong><\/p>\n<ul>\n<li><strong>5 mg por comprimido<\/strong><\/li>\n<li><strong>60 comprimidos por embalagem<\/strong><\/li>\n<li><strong>Administra\u00e7\u00e3o Oral<\/strong><\/li>\n<\/ul>\n","protected":false},"excerpt":{"rendered":"<p>YK-11 5mg \u00e9 um modulador seletivo do receptor de andr\u00f3genos (SARM) esteroide com atividade inibidora de miostatina que potencializa a hipertrofia muscular mediante ativa\u00e7\u00e3o AR e bloqueio do fator limitante de crescimento, sem aromatiza\u00e7\u00e3o a estrog\u00eanios nem reten\u00e7\u00e3o h\u00eddrica significativa. Induz ganhos de massa magra de qualidade superior e densidade, acelera a diferencia\u00e7\u00e3o de c\u00e9lulas sat\u00e9lite para recupera\u00e7\u00e3o tissular, melhora a for\u00e7a absoluta e a dureza muscular, e otimiza a mineraliza\u00e7\u00e3o \u00f3ssea, sendo \u00fatil em etapas de volume avan\u00e7ado, supera\u00e7\u00e3o de plat\u00f4s anab\u00f3licos, recomp extrema e protocolos de m\u00e1xima express\u00e3o fenot\u00edpica muscular com potencial gen\u00e9tico desbloqueado mediante inibi\u00e7\u00e3o epigen\u00e9tica de GDF-8.<\/p>\n","protected":false},"featured_media":9207,"comment_status":"open","ping_status":"closed","template":"","meta":[],"product_cat":[306],"product_tag":[318,307,310,319],"class_list":{"0":"post-9414","1":"product","2":"type-product","3":"status-publish","4":"has-post-thumbnail","6":"product_cat-sarms","7":"product_tag-5mg","8":"product_tag-oral","9":"product_tag-sarms","10":"product_tag-yk11","12":"first","13":"onbackorder","14":"purchasable","15":"product-type-simple"},"_links":{"self":[{"href":"https:\/\/www.alba-pharma.com\/pt-br\/wp-json\/wp\/v2\/product\/9414","targetHints":{"allow":["GET"]}}],"collection":[{"href":"https:\/\/www.alba-pharma.com\/pt-br\/wp-json\/wp\/v2\/product"}],"about":[{"href":"https:\/\/www.alba-pharma.com\/pt-br\/wp-json\/wp\/v2\/types\/product"}],"replies":[{"embeddable":true,"href":"https:\/\/www.alba-pharma.com\/pt-br\/wp-json\/wp\/v2\/comments?post=9414"}],"wp:featuredmedia":[{"embeddable":true,"href":"https:\/\/www.alba-pharma.com\/pt-br\/wp-json\/wp\/v2\/media\/9207"}],"wp:attachment":[{"href":"https:\/\/www.alba-pharma.com\/pt-br\/wp-json\/wp\/v2\/media?parent=9414"}],"wp:term":[{"taxonomy":"product_cat","embeddable":true,"href":"https:\/\/www.alba-pharma.com\/pt-br\/wp-json\/wp\/v2\/product_cat?post=9414"},{"taxonomy":"product_tag","embeddable":true,"href":"https:\/\/www.alba-pharma.com\/pt-br\/wp-json\/wp\/v2\/product_tag?post=9414"}],"curies":[{"name":"wp","href":"https:\/\/api.w.org\/{rel}","templated":true}]}}