{"id":9424,"date":"2026-03-19T18:36:45","date_gmt":"2026-03-20T00:36:45","guid":{"rendered":"https:\/\/www.alba-pharma.com\/producto\/ibutamoren-15-mg-50-comprimidos-administracao-oral\/"},"modified":"2026-03-19T18:36:45","modified_gmt":"2026-03-20T00:36:45","slug":"ibutamoren-15-mg-50-comprimidos-administracao-oral","status":"publish","type":"product","link":"https:\/\/www.alba-pharma.com\/pt-br\/produto\/ibutamoren-15-mg-50-comprimidos-administracao-oral\/","title":{"rendered":"IBUTAMOREN 15 mg 50 Comprimidos &#8211; Administra\u00e7\u00e3o Oral"},"content":{"rendered":"<p><strong>Ibutamoren<\/strong> (<strong>MK-677)<\/strong> \u00e9 um composto n\u00e3o pept\u00eddico de baixo peso molecular que atua como agonista espec\u00edfico do receptor de grelina (GHS-R1a) na hip\u00f3fise anterior e no hipot\u00e1lamo, resultando em secre\u00e7\u00e3o puls\u00e1til end\u00f3gena de GH e eleva\u00e7\u00e3o sustentada de IGF-1 sem afetar os n\u00edveis circulantes de cortisol, prolactina ou testosterona.<\/p>\n<ul>\n<li>A apresenta\u00e7\u00e3o inclui <strong>50 comprimidos<\/strong>. Pode-se verificar a autenticidade do produto escaneando o c\u00f3digo QR na embalagem.<\/li>\n<\/ul>\n<p><strong>Advert\u00eancias:<\/strong><\/p>\n<ul>\n<li>Manter fora do alcance das crian\u00e7as.<\/li>\n<li>Armazenar em local seco e fresco.<\/li>\n<\/ul>\n<p><strong>Caracter\u00edsticas:<\/strong><\/p>\n<ul>\n<li><strong>15 mg por comprimido<\/strong><\/li>\n<li><strong>50 comprimidos por embalagem<\/strong><\/li>\n<li><strong>Administra\u00e7\u00e3o Oral<\/strong><\/li>\n<\/ul>\n","protected":false},"excerpt":{"rendered":"<p><strong>Ibutamoren MK-677<\/strong> \u00e9 um secretagogo n\u00e3o pept\u00eddico do horm\u00f4nio de crescimento que mimetiza a a\u00e7\u00e3o da grelina para potencializar a secre\u00e7\u00e3o puls\u00e1til end\u00f3gena de GH e IGF-1, sem suprimir o eixo hipot\u00e1lamo-hipofis\u00e1rio nem comprometer a produ\u00e7\u00e3o natural de testosterona. Promove a s\u00edntese proteica anab\u00f3lica, acelera a recupera\u00e7\u00e3o tecidual e o sono profundo regenerativo, melhora a densidade mineral \u00f3ssea e a composi\u00e7\u00e3o corporal, e potencializa o apetite limpo necess\u00e1rio para fases de volume muscular, sendo \u00fatil em protocolos de hipertrofia, recupera\u00e7\u00e3o p\u00f3s-les\u00e3o, antienvelhecimento metab\u00f3lico e otimiza\u00e7\u00e3o do bem-estar geral.<\/p>\n","protected":false},"featured_media":9203,"comment_status":"open","ping_status":"closed","template":"","meta":[],"product_cat":[306],"product_tag":[330,329,328,307,315],"class_list":{"0":"post-9424","1":"product","2":"type-product","3":"status-publish","4":"has-post-thumbnail","6":"product_cat-sarms","7":"product_tag-15mg","8":"product_tag-ibutamoren","9":"product_tag-mk-677","10":"product_tag-oral","11":"product_tag-tabs","13":"first","14":"onbackorder","15":"purchasable","16":"product-type-simple"},"_links":{"self":[{"href":"https:\/\/www.alba-pharma.com\/pt-br\/wp-json\/wp\/v2\/product\/9424","targetHints":{"allow":["GET"]}}],"collection":[{"href":"https:\/\/www.alba-pharma.com\/pt-br\/wp-json\/wp\/v2\/product"}],"about":[{"href":"https:\/\/www.alba-pharma.com\/pt-br\/wp-json\/wp\/v2\/types\/product"}],"replies":[{"embeddable":true,"href":"https:\/\/www.alba-pharma.com\/pt-br\/wp-json\/wp\/v2\/comments?post=9424"}],"wp:featuredmedia":[{"embeddable":true,"href":"https:\/\/www.alba-pharma.com\/pt-br\/wp-json\/wp\/v2\/media\/9203"}],"wp:attachment":[{"href":"https:\/\/www.alba-pharma.com\/pt-br\/wp-json\/wp\/v2\/media?parent=9424"}],"wp:term":[{"taxonomy":"product_cat","embeddable":true,"href":"https:\/\/www.alba-pharma.com\/pt-br\/wp-json\/wp\/v2\/product_cat?post=9424"},{"taxonomy":"product_tag","embeddable":true,"href":"https:\/\/www.alba-pharma.com\/pt-br\/wp-json\/wp\/v2\/product_tag?post=9424"}],"curies":[{"name":"wp","href":"https:\/\/api.w.org\/{rel}","templated":true}]}}