{"id":9449,"date":"2026-01-18T15:51:37","date_gmt":"2026-01-18T21:51:37","guid":{"rendered":"https:\/\/www.alba-pharma.com\/producto\/igf-1lr3-1-mg\/"},"modified":"2026-01-18T15:51:37","modified_gmt":"2026-01-18T21:51:37","slug":"igf-1lr3-1-mg","status":"publish","type":"product","link":"https:\/\/www.alba-pharma.com\/pt-br\/produto\/igf-1lr3-1-mg\/","title":{"rendered":"IGF-1LR3 &#8211; 1 mg"},"content":{"rendered":"<p><strong>IGF-1LR3 <\/strong>\u00e9 um an\u00e1logo sint\u00e9tico do insulina-like growth factor-1. Foi modificado adicionando 13 amino\u00e1cidos \u00e0 extremidade N-terminal e alterando o amino\u00e1cido 3 (Arginina) \u2192 meia-vida 20-30 h (vs 10-15 min da IGF-1 natural) e baixa afinidade \u00e0s IGFBPs, pelo que circula livre e ativo por muito mais tempo<\/p>\n<ul>\n<li>A autenticidade do produto pode ser verificada escaneando o c\u00f3digo QR na embalagem.<\/li>\n<\/ul>\n<p><strong>Advert\u00eancias:<\/strong><\/p>\n<ul>\n<li>Manter fora do alcance das crian\u00e7as.<\/li>\n<li>Armazenar em local seco e fresco.<\/li>\n<\/ul>\n<p><strong>Caracter\u00edsticas:<\/strong><\/p>\n<ul>\n<li><b>1 mg por frasco<\/b><\/li>\n<li><strong>3 ml por frasco<\/strong><\/li>\n<li><strong>Inclui \u00c1gua Bacteriost\u00e1tica<\/strong><\/li>\n<\/ul>\n<div class=\"paragraph\"><strong>Benef\u00edcios<\/strong><\/div>\n<ul>\n<li>\n<div class=\"paragraph\"><strong>Hipertrofia<\/strong>: aumenta o n\u00famero e o tamanho das fibras tipo II<\/div>\n<\/li>\n<li>\n<div class=\"paragraph\"><strong>Recupera\u00e7\u00e3o 2-3\u00d7 mais r\u00e1pida<\/strong>: repara\u00e7\u00e3o de micro-rupturas e tend\u00f5es<\/div>\n<\/li>\n<li>\n<div class=\"paragraph\"><strong>Particionador de nutrientes<\/strong>: favorece que as calorias v\u00e3o para o m\u00fasculo e n\u00e3o para a gordura<\/div>\n<\/li>\n<li>\n<div class=\"paragraph\">\n<p><strong>Col\u00e1geno e pele<\/strong>: melhora a espessura d\u00e9rmica e a vasculariza\u00e7\u00e3o<\/p>\n<div class=\"rag-tag text\" data-v-6ab92dd7=\"\" data-site-name=\"hubmeded.com\"><\/div>\n<\/div>\n<\/li>\n<\/ul>\n","protected":false},"excerpt":{"rendered":"<p><strong>IGF-1LR3<\/strong> \u00e9 um an\u00e1logo do insulina-like growth factor-1 com meia-vida prolongada (20-30 h) que permanece livre e ativo no sangue. Estimula a hipertrofia muscular, acelera a recupera\u00e7\u00e3o dos tecidos, direciona os nutrientes para o m\u00fasculo e melhora a qualidade da pele e do col\u00e1geno.<\/p>\n","protected":false},"featured_media":9160,"comment_status":"open","ping_status":"closed","template":"","meta":[],"product_cat":[239],"product_tag":[354,353,345,341],"class_list":{"0":"post-9449","1":"product","2":"type-product","3":"status-publish","4":"has-post-thumbnail","6":"product_cat-nao-categorizado","7":"product_tag-1mg","8":"product_tag-igf-1lr3","9":"product_tag-peptideo","10":"product_tag-peptideos","12":"first","13":"instock","14":"purchasable","15":"product-type-simple"},"_links":{"self":[{"href":"https:\/\/www.alba-pharma.com\/pt-br\/wp-json\/wp\/v2\/product\/9449","targetHints":{"allow":["GET"]}}],"collection":[{"href":"https:\/\/www.alba-pharma.com\/pt-br\/wp-json\/wp\/v2\/product"}],"about":[{"href":"https:\/\/www.alba-pharma.com\/pt-br\/wp-json\/wp\/v2\/types\/product"}],"replies":[{"embeddable":true,"href":"https:\/\/www.alba-pharma.com\/pt-br\/wp-json\/wp\/v2\/comments?post=9449"}],"wp:featuredmedia":[{"embeddable":true,"href":"https:\/\/www.alba-pharma.com\/pt-br\/wp-json\/wp\/v2\/media\/9160"}],"wp:attachment":[{"href":"https:\/\/www.alba-pharma.com\/pt-br\/wp-json\/wp\/v2\/media?parent=9449"}],"wp:term":[{"taxonomy":"product_cat","embeddable":true,"href":"https:\/\/www.alba-pharma.com\/pt-br\/wp-json\/wp\/v2\/product_cat?post=9449"},{"taxonomy":"product_tag","embeddable":true,"href":"https:\/\/www.alba-pharma.com\/pt-br\/wp-json\/wp\/v2\/product_tag?post=9449"}],"curies":[{"name":"wp","href":"https:\/\/api.w.org\/{rel}","templated":true}]}}