{"id":9475,"date":"2026-01-18T15:43:17","date_gmt":"2026-01-18T21:43:17","guid":{"rendered":"https:\/\/www.alba-pharma.com\/producto\/tirzepatide-10-mg\/"},"modified":"2026-01-18T15:43:17","modified_gmt":"2026-01-18T21:43:17","slug":"tirzepatide-10-mg","status":"publish","type":"product","link":"https:\/\/www.alba-pharma.com\/pt-br\/produto\/tirzepatide-10-mg\/","title":{"rendered":"TIRZEPATIDE &#8211; 10 MG"},"content":{"rendered":"<div class=\"paragraph\"><strong>Tirzepatide<\/strong> \u00e9 um <strong>agonista dual GIP + GLP-1<\/strong> no mundo do fisiculturismo usado por seu <strong>poderoso efeito de perda de gordura e melhora da composi\u00e7\u00e3o corporal<\/strong>.<\/div>\n<div>\n<ul>\n<li>A autenticidade do produto pode ser verificada escaneando o c\u00f3digo QR na embalagem.<\/li>\n<\/ul>\n<\/div>\n<p><strong>Advert\u00eancias:<\/strong><\/p>\n<ul>\n<li>Manter fora do alcance das crian\u00e7as.<\/li>\n<li>Armazenar em local seco e fresco.<\/li>\n<\/ul>\n<p><strong>Caracter\u00edsticas:<\/strong><\/p>\n<ul>\n<li><b>10 mg por frasco<\/b><\/li>\n<li><strong>3 ml por frasco<\/strong><\/li>\n<li><strong>Inclui Bac Water<\/strong><\/li>\n<\/ul>\n<div class=\"paragraph\"><strong>Mecanismo que interessa<\/strong><\/div>\n<ul>\n<li>\n<div class=\"paragraph\"><strong>Suprime o apetite<\/strong> via GLP-1 + GIP \u2192 voc\u00ea come menos sem ansiedade.<\/div>\n<\/li>\n<li>\n<div class=\"paragraph\"><strong>Retarda o esvaziamento g\u00e1strico<\/strong> \u2192 saciedade prolongada.<\/div>\n<\/li>\n<li>\n<div class=\"paragraph\"><strong>Aumenta o gasto energ\u00e9tico<\/strong> e oxida\u00e7\u00e3o de gordura \u2192 &#8220;cutting&#8221; sem cardio extremo.<\/div>\n<\/li>\n<li>\n<div class=\"paragraph\"><strong>Melhora a sensibilidade \u00e0 insulina<\/strong> \u2192 menos armazenamento de gordura, mais glicose dentro do m\u00fasculo<\/div>\n<\/li>\n<\/ul>\n","protected":false},"excerpt":{"rendered":"<div class=\"paragraph\"><strong>Tirzepatide<\/strong> \u00e9 um agonista dual de GIP e GLP-1 que reduz o apetite, prolonga a saciedade, incrementa o gasto energ\u00e9tico e melhora a sensibilidade \u00e0 insulina, facilitando uma perda de gordura significativa e uma melhor composi\u00e7\u00e3o corporal.<\/div>\n","protected":false},"featured_media":9161,"comment_status":"open","ping_status":"closed","template":"","meta":[],"product_cat":[239],"product_tag":[335,362,345,341,361],"class_list":{"0":"post-9475","1":"product","2":"type-product","3":"status-publish","4":"has-post-thumbnail","6":"product_cat-nao-categorizado","7":"product_tag-10mg","8":"product_tag-gipglp-1","9":"product_tag-peptideo","10":"product_tag-peptideos","11":"product_tag-tirzepatide","13":"first","14":"instock","15":"purchasable","16":"product-type-simple"},"_links":{"self":[{"href":"https:\/\/www.alba-pharma.com\/pt-br\/wp-json\/wp\/v2\/product\/9475","targetHints":{"allow":["GET"]}}],"collection":[{"href":"https:\/\/www.alba-pharma.com\/pt-br\/wp-json\/wp\/v2\/product"}],"about":[{"href":"https:\/\/www.alba-pharma.com\/pt-br\/wp-json\/wp\/v2\/types\/product"}],"replies":[{"embeddable":true,"href":"https:\/\/www.alba-pharma.com\/pt-br\/wp-json\/wp\/v2\/comments?post=9475"}],"wp:featuredmedia":[{"embeddable":true,"href":"https:\/\/www.alba-pharma.com\/pt-br\/wp-json\/wp\/v2\/media\/9161"}],"wp:attachment":[{"href":"https:\/\/www.alba-pharma.com\/pt-br\/wp-json\/wp\/v2\/media?parent=9475"}],"wp:term":[{"taxonomy":"product_cat","embeddable":true,"href":"https:\/\/www.alba-pharma.com\/pt-br\/wp-json\/wp\/v2\/product_cat?post=9475"},{"taxonomy":"product_tag","embeddable":true,"href":"https:\/\/www.alba-pharma.com\/pt-br\/wp-json\/wp\/v2\/product_tag?post=9475"}],"curies":[{"name":"wp","href":"https:\/\/api.w.org\/{rel}","templated":true}]}}