{"id":9504,"date":"2026-01-18T14:47:36","date_gmt":"2026-01-18T20:47:36","guid":{"rendered":"https:\/\/www.alba-pharma.com\/producto\/melatonan-2-mt-ii-10-mg\/"},"modified":"2026-01-18T14:47:36","modified_gmt":"2026-01-18T20:47:36","slug":"melatonan-2-mt-ii-10-mg","status":"publish","type":"product","link":"https:\/\/www.alba-pharma.com\/pt-br\/producto\/melatonan-2-mt-ii-10-mg\/","title":{"rendered":"MELATONAN 2 (MT-II) &#8211; 10 mg"},"content":{"rendered":"<p><strong>MT-2 MELANOTAN<\/strong> <strong>10 mg<\/strong> An\u00e1logo sint\u00e9tico da \u03b1-MSH que estimula a produ\u00e7\u00e3o de melanina e, de quebra, aumenta o desejo sexual pela ativa\u00e7\u00e3o do receptor melanocortina-4R no c\u00e9rebro. Aumenta a libido e a ere\u00e7\u00e3o (mesma via do PT-141) \u2192 motiva\u00e7\u00e3o extra na fase de baixas calorias. Reduz les\u00e3o por UV \u2192 menos pausa for\u00e7ada por queimaduras e descama\u00e7\u00e3o. <\/p>\n<ul>\n<li>A autenticidade do produto pode ser verificada escaneando o c\u00f3digo QR na embalagem.<\/li>\n<\/ul>\n<p><strong>Advert\u00eancias:<\/strong><\/p>\n<ul>\n<li>Manter fora do alcance das crian\u00e7as.<\/li>\n<li>Armazenar em local seco e fresco.<\/li>\n<\/ul>\n<p><strong>Caracter\u00edsticas:<\/strong><\/p>\n<ul>\n<li><b>10 mg por frasco<\/b><\/li>\n<li><strong>3 ml por frasco<\/strong><\/li>\n<li><strong>Inclui Bac Water<\/strong><\/li>\n<\/ul>\n<div class=\"paragraph\"><strong>Benef\u00edcios estudados<\/strong><\/div>\n<ul>\n<li>\n<div class=\"paragraph\">Bronzeado uniforme sem exposi\u00e7\u00e3o prolongada aos UV<\/div>\n<\/li>\n<li>\n<div class=\"paragraph\">Prote\u00e7\u00e3o parcial contra queimadura solar (tipo de pele I-III)<\/div>\n<\/li>\n<li>Aumento da libido e ere\u00e7\u00f5es espont\u00e2neas em homens\/mulheres<\/li>\n<\/ul>\n<div class=\"paragraph\"><strong>Reconstitui\u00e7\u00e3o sugerida<\/strong><\/div>\n<ul>\n<li>\n<div class=\"paragraph\">10 mg liofilizado + 2 mL de \u00e1gua bacteriost\u00e1tica \u2192 5 mg\/mL<\/div>\n<\/li>\n<li>\n<div class=\"paragraph\">1 unidade (0,01 mL) na seringa U-100 = 50 \u00b5g<\/div>\n<\/li>\n<\/ul>\n","protected":false},"excerpt":{"rendered":"<p><strong>MT-2 MELANOTAN<\/strong> <strong>10 mg<\/strong> An\u00e1logo sint\u00e9tico da \u03b1-MSH que estimula a produ\u00e7\u00e3o de melanina e, de quebra, aumenta o desejo sexual pela ativa\u00e7\u00e3o do receptor melanocortina-4R no c\u00e9rebro. Aumenta a libido e a ere\u00e7\u00e3o (mesma via do PT-141)<\/p>\n","protected":false},"featured_media":9171,"comment_status":"open","ping_status":"closed","template":"","meta":[],"product_cat":[239],"product_tag":[335,379,378,345],"class_list":{"0":"post-9504","1":"product","2":"type-product","3":"status-publish","4":"has-post-thumbnail","6":"product_cat-nao-categorizado","7":"product_tag-10mg","8":"product_tag-melatonan2","9":"product_tag-mt2","10":"product_tag-peptideo","12":"first","13":"instock","14":"purchasable","15":"product-type-simple"},"_links":{"self":[{"href":"https:\/\/www.alba-pharma.com\/pt-br\/wp-json\/wp\/v2\/product\/9504","targetHints":{"allow":["GET"]}}],"collection":[{"href":"https:\/\/www.alba-pharma.com\/pt-br\/wp-json\/wp\/v2\/product"}],"about":[{"href":"https:\/\/www.alba-pharma.com\/pt-br\/wp-json\/wp\/v2\/types\/product"}],"replies":[{"embeddable":true,"href":"https:\/\/www.alba-pharma.com\/pt-br\/wp-json\/wp\/v2\/comments?post=9504"}],"wp:featuredmedia":[{"embeddable":true,"href":"https:\/\/www.alba-pharma.com\/pt-br\/wp-json\/wp\/v2\/media\/9171"}],"wp:attachment":[{"href":"https:\/\/www.alba-pharma.com\/pt-br\/wp-json\/wp\/v2\/media?parent=9504"}],"wp:term":[{"taxonomy":"product_cat","embeddable":true,"href":"https:\/\/www.alba-pharma.com\/pt-br\/wp-json\/wp\/v2\/product_cat?post=9504"},{"taxonomy":"product_tag","embeddable":true,"href":"https:\/\/www.alba-pharma.com\/pt-br\/wp-json\/wp\/v2\/product_tag?post=9504"}],"curies":[{"name":"wp","href":"https:\/\/api.w.org\/{rel}","templated":true}]}}