{"id":9508,"date":"2026-01-18T14:34:35","date_gmt":"2026-01-18T20:34:35","guid":{"rendered":"https:\/\/www.alba-pharma.com\/producto\/ghk-cu-100-mg\/"},"modified":"2026-01-18T14:34:35","modified_gmt":"2026-01-18T20:34:35","slug":"ghk-cu-100-mg","status":"publish","type":"product","link":"https:\/\/www.alba-pharma.com\/pt-br\/producto\/ghk-cu-100-mg\/","title":{"rendered":"GHK CU &#8211; 100 MG"},"content":{"rendered":"<p><strong>GHK-Cu<\/strong> (glicil-L-histidil-L-lisina-Cu) \u00e9 um <strong>tripept\u00eddeo natural que transporta cobre (Cu\u00b2\u207a)<\/strong>. Atua como \u201csinal regenerativo\u201d: estimula fibroblastos, aumenta col\u00e1geno\/elastina, promove angiog\u00eanese e exerce potente <strong class=\"\">atividade antioxidante e anti-inflamat\u00f3ria<\/strong><\/p>\n<ul>\n<li>A autenticidade do produto pode ser verificada escaneando o c\u00f3digo QR na embalagem.<\/li>\n<\/ul>\n<p><strong>Advert\u00eancias:<\/strong><\/p>\n<ul>\n<li>Manter fora do alcance das crian\u00e7as.<\/li>\n<li>Armazenar em local seco e fresco.<\/li>\n<\/ul>\n<p><strong>Caracter\u00edsticas:<\/strong><\/p>\n<ul>\n<li><b>100 mg por frasco<\/b><\/li>\n<li><strong>3 ml por frasco<\/strong><\/li>\n<li><strong>Inclui Bac Water<\/strong><\/li>\n<\/ul>\n<div class=\"paragraph\"><strong>Benef\u00edcios principais (estudos in vitro e cl\u00ednicos)<\/strong><\/div>\n<ul>\n<li>\n<div class=\"paragraph\"><strong>Rejuvenescimento cut\u00e2neo<\/strong>: aumenta a espessura e densidade d\u00e9rmica, reduz rugas e flacidez<\/div>\n<\/li>\n<li>\n<div class=\"paragraph\"><strong>Cicatriza\u00e7\u00e3o<\/strong>: acelera o fechamento de feridas, neovasculariza\u00e7\u00e3o e remodela\u00e7\u00e3o do col\u00e1geno<\/div>\n<\/li>\n<li>\n<div class=\"paragraph\"><strong>Cabelo<\/strong>: aumenta o tamanho do fol\u00edculo e a taxa de crescimento<\/div>\n<\/li>\n<li>\n<div class=\"paragraph\"><strong>Antienvelhecimento sist\u00eamico<\/strong>: modula &gt;4.000 genes para um padr\u00e3o \u201cmais jovem\u201d<\/div>\n<\/li>\n<\/ul>\n","protected":false},"excerpt":{"rendered":"<p><strong>GHK-Cu<\/strong> \u00e9 um pept\u00eddeo que transporta cobre e envia sinais de \u201crepara\u00e7\u00e3o\u201d \u00e0 pele: estimula o col\u00e1geno, reduz rugas, acelera cicatrizes e pode promover o crescimento capilar.<\/p>\n","protected":false},"featured_media":9164,"comment_status":"open","ping_status":"closed","template":"","meta":[],"product_cat":[239],"product_tag":[356,382,383,345],"class_list":{"0":"post-9508","1":"product","2":"type-product","3":"status-publish","4":"has-post-thumbnail","6":"product_cat-nao-categorizado","7":"product_tag-100mg","8":"product_tag-ghk-cu","9":"product_tag-glicil-l-histidil-l-lisina-cu","10":"product_tag-peptideo","12":"first","13":"instock","14":"purchasable","15":"product-type-simple"},"_links":{"self":[{"href":"https:\/\/www.alba-pharma.com\/pt-br\/wp-json\/wp\/v2\/product\/9508","targetHints":{"allow":["GET"]}}],"collection":[{"href":"https:\/\/www.alba-pharma.com\/pt-br\/wp-json\/wp\/v2\/product"}],"about":[{"href":"https:\/\/www.alba-pharma.com\/pt-br\/wp-json\/wp\/v2\/types\/product"}],"replies":[{"embeddable":true,"href":"https:\/\/www.alba-pharma.com\/pt-br\/wp-json\/wp\/v2\/comments?post=9508"}],"wp:featuredmedia":[{"embeddable":true,"href":"https:\/\/www.alba-pharma.com\/pt-br\/wp-json\/wp\/v2\/media\/9164"}],"wp:attachment":[{"href":"https:\/\/www.alba-pharma.com\/pt-br\/wp-json\/wp\/v2\/media?parent=9508"}],"wp:term":[{"taxonomy":"product_cat","embeddable":true,"href":"https:\/\/www.alba-pharma.com\/pt-br\/wp-json\/wp\/v2\/product_cat?post=9508"},{"taxonomy":"product_tag","embeddable":true,"href":"https:\/\/www.alba-pharma.com\/pt-br\/wp-json\/wp\/v2\/product_tag?post=9508"}],"curies":[{"name":"wp","href":"https:\/\/api.w.org\/{rel}","templated":true}]}}