{"id":9511,"date":"2026-01-18T14:26:20","date_gmt":"2026-01-18T20:26:20","guid":{"rendered":"https:\/\/www.alba-pharma.com\/producto\/ipamorelin-10-mg\/"},"modified":"2026-01-18T14:26:20","modified_gmt":"2026-01-18T20:26:20","slug":"ipamorelin-10-mg","status":"publish","type":"product","link":"https:\/\/www.alba-pharma.com\/pt-br\/producto\/ipamorelin-10-mg\/","title":{"rendered":"IPAMORELIN &#8211; 10 MG"},"content":{"rendered":"<p><strong>IPAMORELIN<\/strong> \u00e9 um <strong>secretagogo do horm\u00f4nio do crescimento (GH)<\/strong> de a\u00e7\u00e3o muito seletiva: estimula a gl\u00e2ndula pituit\u00e1ria para liberar <strong>seu pr\u00f3prio GH end\u00f3geno<\/strong> sem aumentar prolactina, cortisol ou outros horm\u00f4nios pituit\u00e1rios.<\/p>\n<ul>\n<li>A autenticidade do produto pode ser verificada escaneando o c\u00f3digo QR na embalagem.<\/li>\n<\/ul>\n<p><strong>Advert\u00eancias:<\/strong><\/p>\n<ul>\n<li>Manter fora do alcance das crian\u00e7as.<\/li>\n<li>Armazenar em local seco e fresco.<\/li>\n<\/ul>\n<p><strong>Caracter\u00edsticas:<\/strong><\/p>\n<ul>\n<li><b>10 mg por frasco<\/b><\/li>\n<li><strong>3 ml por frasco<\/strong><\/li>\n<li><strong>Inclui Bac Water<\/strong><\/li>\n<\/ul>\n<div class=\"paragraph\"><strong>Mecanismo &amp; benef\u00edcios principais<\/strong><\/div>\n<ul>\n<li>\n<div class=\"paragraph\">Aumenta <strong>pulsos naturais de GH<\/strong> \u2192 eleva IGF-1<\/div>\n<\/li>\n<li>\n<div class=\"paragraph\"><strong>Anti-idade<\/strong>: mais col\u00e1geno, melhor pele e cabelo<\/div>\n<\/li>\n<li>\n<div class=\"paragraph\"><strong>Recupera\u00e7\u00e3o<\/strong>: acelera repara\u00e7\u00e3o muscular, tend\u00f5es e ossos<\/div>\n<\/li>\n<li>\n<div class=\"paragraph\"><strong>Composi\u00e7\u00e3o corporal<\/strong>: favorece <strong>ganho de massa magra<\/strong> e <strong>perda de gordura<\/strong><\/div>\n<\/li>\n<li>\n<div class=\"paragraph\"><strong>Sono profundo<\/strong>: ondas delta aumentadas<\/div>\n<\/li>\n<li>\n<div class=\"paragraph\"><strong>Gastro<\/strong>: acelera esvaziamento g\u00e1strico e melhora motilidade<\/div>\n<\/li>\n<\/ul>\n","protected":false},"excerpt":{"rendered":"<p><strong>IPAMORELIN<\/strong> \u00e9 um produto que estimula seu corpo para liberar mais horm\u00f4nio do crescimento de forma natural, sem alterar outros horm\u00f4nios. Isso pode ajud\u00e1-lo a dormir melhor, recuperar-se mais r\u00e1pido, melhorar a pele e o cabelo, e ganhar m\u00fasculo enquanto perde gordura. <\/p>\n","protected":false},"featured_media":9169,"comment_status":"open","ping_status":"closed","template":"","meta":[],"product_cat":[239],"product_tag":[335,388,341],"class_list":{"0":"post-9511","1":"product","2":"type-product","3":"status-publish","4":"has-post-thumbnail","6":"product_cat-nao-categorizado","7":"product_tag-10mg","8":"product_tag-ipamorelin","9":"product_tag-peptideos","11":"first","12":"instock","13":"purchasable","14":"product-type-simple"},"_links":{"self":[{"href":"https:\/\/www.alba-pharma.com\/pt-br\/wp-json\/wp\/v2\/product\/9511","targetHints":{"allow":["GET"]}}],"collection":[{"href":"https:\/\/www.alba-pharma.com\/pt-br\/wp-json\/wp\/v2\/product"}],"about":[{"href":"https:\/\/www.alba-pharma.com\/pt-br\/wp-json\/wp\/v2\/types\/product"}],"replies":[{"embeddable":true,"href":"https:\/\/www.alba-pharma.com\/pt-br\/wp-json\/wp\/v2\/comments?post=9511"}],"wp:featuredmedia":[{"embeddable":true,"href":"https:\/\/www.alba-pharma.com\/pt-br\/wp-json\/wp\/v2\/media\/9169"}],"wp:attachment":[{"href":"https:\/\/www.alba-pharma.com\/pt-br\/wp-json\/wp\/v2\/media?parent=9511"}],"wp:term":[{"taxonomy":"product_cat","embeddable":true,"href":"https:\/\/www.alba-pharma.com\/pt-br\/wp-json\/wp\/v2\/product_cat?post=9511"},{"taxonomy":"product_tag","embeddable":true,"href":"https:\/\/www.alba-pharma.com\/pt-br\/wp-json\/wp\/v2\/product_tag?post=9511"}],"curies":[{"name":"wp","href":"https:\/\/api.w.org\/{rel}","templated":true}]}}