{"id":9513,"date":"2026-01-18T13:47:13","date_gmt":"2026-01-18T19:47:13","guid":{"rendered":"https:\/\/www.alba-pharma.com\/producto\/tb-500-10-mg\/"},"modified":"2026-01-18T13:47:13","modified_gmt":"2026-01-18T19:47:13","slug":"tb-500-10-mg","status":"publish","type":"product","link":"https:\/\/www.alba-pharma.com\/pt-br\/producto\/tb-500-10-mg\/","title":{"rendered":"TB 500 &#8211; 10 MG"},"content":{"rendered":"<p>O <b>TB-500<\/b> \u00e9 uma vers\u00e3o sint\u00e9tica e modificada da <b>Timosina Beta-4 (Thymosin Beta-4)<\/b>, uma prote\u00edna natural que est\u00e1 presente em quase todas as c\u00e9lulas humanas e animais. Esta prote\u00edna desempenha um papel crucial na repara\u00e7\u00e3o de tecidos e na regula\u00e7\u00e3o da migra\u00e7\u00e3o celular.<\/p>\n<ul>\n<li>A autenticidade do produto pode ser verificada escaneando o c\u00f3digo QR na embalagem.<\/li>\n<\/ul>\n<p><strong>Advert\u00eancias:<\/strong><\/p>\n<ul>\n<li>Manter fora do alcance das crian\u00e7as.<\/li>\n<li>Armazenar em local seco e fresco.<\/li>\n<\/ul>\n<p><strong>Caracter\u00edsticas:<\/strong><\/p>\n<ul>\n<li><b>10 mg por frasco<\/b><\/li>\n<li><strong>3 ml por frasco<\/strong><\/li>\n<li><strong>Inclui Bac Water<\/strong><\/li>\n<\/ul>\n<ul data-path-to-node=\"5\">\n<li>\n<p data-path-to-node=\"5,0,0\"><b>Repara\u00e7\u00e3o de Les\u00f5es Cr\u00f4nicas e Agudas:<\/b> \u00c9 muito eficaz para tratar les\u00f5es que demoram a cicatrizar, como problemas em <b>tend\u00f5es, ligamentos, articula\u00e7\u00f5es e m\u00fasculos<\/b>, e \u00e9 frequentemente usado em conjunto com BPC-157.<\/p>\n<\/li>\n<li>\n<p data-path-to-node=\"5,1,0\"><b>Redu\u00e7\u00e3o de Tecido Cicatricial (Fibrose):<\/b> Ajuda a <b>reduzir a forma\u00e7\u00e3o de tecido cicatricial<\/b> (fibrose) ao promover a regenera\u00e7\u00e3o de tecido saud\u00e1vel, o que resulta em uma cicatriza\u00e7\u00e3o mais funcional e flex\u00edvel.<\/p>\n<\/li>\n<li>\n<p data-path-to-node=\"5,2,0\"><b>Flexibilidade e Amplitude de Movimento:<\/b> Ao regenerar tecidos mais flex\u00edveis e reduzir a cicatriza\u00e7\u00e3o, pode melhorar a <b>amplitude de movimento<\/b> e a flexibilidade das articula\u00e7\u00f5es e dos tecidos conectivos.<\/p>\n<\/li>\n<li>\n<p data-path-to-node=\"5,3,0\"><b>Sa\u00fade do Cora\u00e7\u00e3o:<\/b> Em contextos experimentais, foi investigado por sua capacidade de reparar o tecido do mioc\u00e1rdio ap\u00f3s um dano ou ataque card\u00edaco.<\/p>\n<\/li>\n<li>\n<p data-path-to-node=\"5,4,0\"><b>Inflama\u00e7\u00e3o:<\/b> Possui propriedades anti-inflamat\u00f3rias que ajudam a acalmar a inflama\u00e7\u00e3o nas articula\u00e7\u00f5es e nos tecidos moles<\/p>\n<\/li>\n<\/ul>\n","protected":false},"excerpt":{"rendered":"<p>O <b>TB-500<\/b> \u00e9 uma vers\u00e3o sint\u00e9tica e modificada da <b>Timosina Beta-4 (Thymosin Beta-4)<\/b>, uma prote\u00edna natural que est\u00e1 presente em quase todas as c\u00e9lulas humanas e animais. Repara\u00e7\u00e3o de Les\u00f5es Cr\u00f4nicas e Agudas<\/p>\n","protected":false},"featured_media":9176,"comment_status":"open","ping_status":"closed","template":"","meta":[],"product_cat":[239],"product_tag":[335,341,389],"class_list":{"0":"post-9513","1":"product","2":"type-product","3":"status-publish","4":"has-post-thumbnail","6":"product_cat-nao-categorizado","7":"product_tag-10mg","8":"product_tag-peptideos","9":"product_tag-timosina-beta-4-sintetica","11":"first","12":"instock","13":"purchasable","14":"product-type-simple"},"_links":{"self":[{"href":"https:\/\/www.alba-pharma.com\/pt-br\/wp-json\/wp\/v2\/product\/9513","targetHints":{"allow":["GET"]}}],"collection":[{"href":"https:\/\/www.alba-pharma.com\/pt-br\/wp-json\/wp\/v2\/product"}],"about":[{"href":"https:\/\/www.alba-pharma.com\/pt-br\/wp-json\/wp\/v2\/types\/product"}],"replies":[{"embeddable":true,"href":"https:\/\/www.alba-pharma.com\/pt-br\/wp-json\/wp\/v2\/comments?post=9513"}],"wp:featuredmedia":[{"embeddable":true,"href":"https:\/\/www.alba-pharma.com\/pt-br\/wp-json\/wp\/v2\/media\/9176"}],"wp:attachment":[{"href":"https:\/\/www.alba-pharma.com\/pt-br\/wp-json\/wp\/v2\/media?parent=9513"}],"wp:term":[{"taxonomy":"product_cat","embeddable":true,"href":"https:\/\/www.alba-pharma.com\/pt-br\/wp-json\/wp\/v2\/product_cat?post=9513"},{"taxonomy":"product_tag","embeddable":true,"href":"https:\/\/www.alba-pharma.com\/pt-br\/wp-json\/wp\/v2\/product_tag?post=9513"}],"curies":[{"name":"wp","href":"https:\/\/api.w.org\/{rel}","templated":true}]}}