{"id":9521,"date":"2026-01-18T13:57:33","date_gmt":"2026-01-18T19:57:33","guid":{"rendered":"https:\/\/www.alba-pharma.com\/producto\/retatrutide-10-mg\/"},"modified":"2026-01-18T13:57:33","modified_gmt":"2026-01-18T19:57:33","slug":"retatrutide-10-mg","status":"publish","type":"product","link":"https:\/\/www.alba-pharma.com\/pt-br\/produto\/retatrutide-10-mg\/","title":{"rendered":"RETATRUTIDE &#8211; 10 MG"},"content":{"rendered":"<div class=\"paragraph\"><strong class=\"\">O Retatrutide<\/strong> \u00e9 um pept\u00eddeo triplo agonista sint\u00e9tico que atua sobre os receptores <strong>GLP-1, GIP e glucagon<\/strong>, horm\u00f4nios-chave envolvidos no controle do apetite, no metabolismo da glicose e na oxida\u00e7\u00e3o de gordura. Esta mol\u00e9cula est\u00e1 sendo estudada por seu potencial para promover uma <strong>perda de peso significativa<\/strong> e melhorar a sa\u00fade metab\u00f3lica.<\/div>\n<div><\/div>\n<div class=\"paragraph\">\n<ul>\n<li>A autenticidade do produto pode ser verificada escaneando o c\u00f3digo QR na embalagem.<\/li>\n<\/ul>\n<p><strong>Advert\u00eancias:<\/strong><\/p>\n<ul>\n<li>Produto somente para uso injet\u00e1vel.<\/li>\n<li>Manter fora do alcance das crian\u00e7as.<\/li>\n<li>Armazenar em local seco e fresco.<\/li>\n<\/ul>\n<p><strong>Caracter\u00edsticas:<\/strong><\/p>\n<ul>\n<li><b>10 mg por frasco<\/b><\/li>\n<li><strong>3 ml por frasco<\/strong><\/li>\n<li><strong>Inclui Bac Water<\/strong><\/li>\n<\/ul>\n<\/div>\n<div class=\"paragraph\"><strong>Controle do Apetite e Perda de Peso:<\/strong><br \/>\n\u00c9 altamente eficaz para <strong>reduzir o apetite<\/strong>, aumentar a saciedade e diminuir os desejos, o que leva a uma <strong class=\"\">redu\u00e7\u00e3o significativa do peso corporal<\/strong> em modelos de pesquisa.<\/div>\n<div class=\"paragraph\"><strong class=\"\">Melhora do Metabolismo de Glicose e Lip\u00eddios:<\/strong><br \/>\nAjuda a <strong class=\"\">regular os n\u00edveis de glicose no sangue<\/strong> e melhora a sensibilidade \u00e0 insulina, o que pode ser ben\u00e9fico no contexto do diabetes tipo 2 ou resist\u00eancia \u00e0 insulina.<\/div>\n<div class=\"paragraph\"><strong class=\"\">Redu\u00e7\u00e3o de Gordura Corporal:<\/strong><br \/>\nPromove a <strong>mobiliza\u00e7\u00e3o e oxida\u00e7\u00e3o de gordura armazenada<\/strong>, especialmente em zonas de dif\u00edcil acesso como o abd\u00f4men, ao atuar sobre os receptores de glucagon e GLP-1.<\/div>\n<div class=\"paragraph\"><strong class=\"\">Sa\u00fade Cardiovascular:<\/strong><br \/>\nEm estudos experimentais, observou-se que pode contribuir para a <strong>redu\u00e7\u00e3o de marcadores inflamat\u00f3rios<\/strong> e para a melhora da sa\u00fade cardiovascular associada \u00e0 perda de peso.<\/div>\n<div class=\"paragraph\"><strong class=\"\">Inflama\u00e7\u00e3o:<\/strong><br \/>\nPossui propriedades <strong>anti-inflamat\u00f3rias sist\u00eamicas<\/strong>, que podem ajudar a reduzir a inflama\u00e7\u00e3o cr\u00f4nica associada ao sobrepeso e \u00e0 obesidade.<\/div>\n","protected":false},"excerpt":{"rendered":"<div class=\"paragraph\"><strong>Retatrutide<\/strong> \u00e9 um medicamento experimental que ativa tr\u00eas receptores-chave para reduzir o apetite, queimar gordura e melhorar o metabolismo, com o objetivo de perder peso.<\/div>\n<div><\/div>\n<div class=\"paragraph\">\n<p>&nbsp;<\/p>\n<\/div>\n","protected":false},"featured_media":9174,"comment_status":"open","ping_status":"closed","template":"","meta":[],"product_cat":[239],"product_tag":[335,345,341,395],"class_list":{"0":"post-9521","1":"product","2":"type-product","3":"status-publish","4":"has-post-thumbnail","6":"product_cat-peptides","7":"product_tag-10mg","8":"product_tag-peptideo","9":"product_tag-peptideos","10":"product_tag-retratutide","12":"first","13":"instock","14":"purchasable","15":"product-type-simple"},"_links":{"self":[{"href":"https:\/\/www.alba-pharma.com\/pt-br\/wp-json\/wp\/v2\/product\/9521","targetHints":{"allow":["GET"]}}],"collection":[{"href":"https:\/\/www.alba-pharma.com\/pt-br\/wp-json\/wp\/v2\/product"}],"about":[{"href":"https:\/\/www.alba-pharma.com\/pt-br\/wp-json\/wp\/v2\/types\/product"}],"replies":[{"embeddable":true,"href":"https:\/\/www.alba-pharma.com\/pt-br\/wp-json\/wp\/v2\/comments?post=9521"}],"wp:featuredmedia":[{"embeddable":true,"href":"https:\/\/www.alba-pharma.com\/pt-br\/wp-json\/wp\/v2\/media\/9174"}],"wp:attachment":[{"href":"https:\/\/www.alba-pharma.com\/pt-br\/wp-json\/wp\/v2\/media?parent=9521"}],"wp:term":[{"taxonomy":"product_cat","embeddable":true,"href":"https:\/\/www.alba-pharma.com\/pt-br\/wp-json\/wp\/v2\/product_cat?post=9521"},{"taxonomy":"product_tag","embeddable":true,"href":"https:\/\/www.alba-pharma.com\/pt-br\/wp-json\/wp\/v2\/product_tag?post=9521"}],"curies":[{"name":"wp","href":"https:\/\/api.w.org\/{rel}","templated":true}]}}