{"id":9522,"date":"2024-10-29T12:22:36","date_gmt":"2024-10-29T18:22:36","guid":{"rendered":"https:\/\/www.alba-pharma.com\/producto\/stano-100-mg-10-ml-frasco-injetavel\/"},"modified":"2024-10-29T12:22:36","modified_gmt":"2024-10-29T18:22:36","slug":"stano-100-mg-10-ml-frasco-injetavel","status":"publish","type":"product","link":"https:\/\/www.alba-pharma.com\/pt-br\/producto\/stano-100-mg-10-ml-frasco-injetavel\/","title":{"rendered":"STANO &#8211; 100 mg &#8211; 10 ml &#8211; Frasco Injet\u00e1vel"},"content":{"rendered":"<p>O <strong>STANO<\/strong> (stanozolol) da <strong>Alba Pharma<\/strong> \u00e9 um frasco de m\u00faltiplas inje\u00e7\u00f5es com conte\u00fado total de <strong>10 ml<\/strong>, formulado com <strong>100 mg de Stanozolol<\/strong>. \u00c9 amplamente utilizado por fisiculturistas e atletas para melhorar a defini\u00e7\u00e3o muscular e reduzir a gordura corporal durante os ciclos de corte.<\/p>\n<ul>\n<li>A autenticidade do produto pode ser verificada escaneando o c\u00f3digo QR na embalagem.<\/li>\n<\/ul>\n<p><strong>Advert\u00eancias:<\/strong><\/p>\n<ul>\n<li>Produto apenas para uso injet\u00e1vel.<\/li>\n<li>Manter fora do alcance das crian\u00e7as.<\/li>\n<li>Armazenar em local seco e fresco.<\/li>\n<\/ul>\n<p><strong>Caracter\u00edsticas:<\/strong><\/p>\n<ul>\n<li><strong>100 mg de Stanozolol por ml<\/strong><\/li>\n<li><strong>10 ml por frasco<\/strong><\/li>\n<li><strong>Injet\u00e1vel<\/strong><\/li>\n<\/ul>\n","protected":false},"excerpt":{"rendered":"<p><strong>STANO<\/strong> (stanozolol) da <strong>Alba Pharma<\/strong> \u00e9 um frasco com conte\u00fado total de 10 ml, formulado com <strong>100 mg de Stanozolol<\/strong> por <strong>CADA ML<\/strong>.<\/p>\n<p>\u00c9 amplamente utilizado por fisiculturistas e atletas para melhorar a defini\u00e7\u00e3o muscular e reduzir a gordura corporal durante os ciclos de corte.<\/p>\n","protected":false},"featured_media":8515,"comment_status":"open","ping_status":"closed","template":"","meta":[],"product_cat":[398],"product_tag":[401,400,399],"class_list":{"0":"post-9522","1":"product","2":"type-product","3":"status-publish","4":"has-post-thumbnail","6":"product_cat-frascos-injetaveis","7":"product_tag-esteroides-injetaveis","8":"product_tag-injetavel","9":"product_tag-stanozolol","11":"first","12":"instock","13":"purchasable","14":"product-type-simple"},"_links":{"self":[{"href":"https:\/\/www.alba-pharma.com\/pt-br\/wp-json\/wp\/v2\/product\/9522","targetHints":{"allow":["GET"]}}],"collection":[{"href":"https:\/\/www.alba-pharma.com\/pt-br\/wp-json\/wp\/v2\/product"}],"about":[{"href":"https:\/\/www.alba-pharma.com\/pt-br\/wp-json\/wp\/v2\/types\/product"}],"replies":[{"embeddable":true,"href":"https:\/\/www.alba-pharma.com\/pt-br\/wp-json\/wp\/v2\/comments?post=9522"}],"wp:featuredmedia":[{"embeddable":true,"href":"https:\/\/www.alba-pharma.com\/pt-br\/wp-json\/wp\/v2\/media\/8515"}],"wp:attachment":[{"href":"https:\/\/www.alba-pharma.com\/pt-br\/wp-json\/wp\/v2\/media?parent=9522"}],"wp:term":[{"taxonomy":"product_cat","embeddable":true,"href":"https:\/\/www.alba-pharma.com\/pt-br\/wp-json\/wp\/v2\/product_cat?post=9522"},{"taxonomy":"product_tag","embeddable":true,"href":"https:\/\/www.alba-pharma.com\/pt-br\/wp-json\/wp\/v2\/product_tag?post=9522"}],"curies":[{"name":"wp","href":"https:\/\/api.w.org\/{rel}","templated":true}]}}