{"id":9528,"date":"2026-01-17T14:04:52","date_gmt":"2026-01-17T20:04:52","guid":{"rendered":"https:\/\/www.alba-pharma.com\/producto\/somatropina-36ui-36-ui\/"},"modified":"2026-01-17T14:04:52","modified_gmt":"2026-01-17T20:04:52","slug":"somatropina-36ui-36-ui","status":"publish","type":"product","link":"https:\/\/www.alba-pharma.com\/pt-br\/producto\/somatropina-36ui-36-ui\/","title":{"rendered":"SOMATROPINA 36UI &#8211; 36 UI"},"content":{"rendered":"<p>O Horm\u00f4nio <strong>SOMATROPINA 36 UI<\/strong> da <strong>ALBA PHARMA <\/strong>\u00e9 um horm\u00f4nio de crescimento humano recombinante (HGH, somatropina) utilizado tanto no \u00e2mbito cl\u00ednico quanto no fisiculturismo. Sua principal fun\u00e7\u00e3o \u00e9 estimular o crescimento muscular, a regenera\u00e7\u00e3o celular e a perda de gordura, ao mesmo tempo em que potencializa a produ\u00e7\u00e3o de IGF-1 (fator de crescimento semelhante \u00e0 insulina) no f\u00edgado.<\/p>\n<ul>\n<li>A autenticidade do produto pode ser verificada escaneando o c\u00f3digo QR na embalagem.<\/li>\n<\/ul>\n<p><strong>Advert\u00eancias:<\/strong><\/p>\n<ul>\n<li>Produto apenas para uso injet\u00e1vel.<\/li>\n<li>Manter fora do alcance das crian\u00e7as.<\/li>\n<li>Armazenar em local seco e fresco.<\/li>\n<\/ul>\n<p><strong>Caracter\u00edsticas:<\/strong><\/p>\n<ul>\n<li><b>36 unidades por frasco<\/b><\/li>\n<li><strong>3 ml por frasco<\/strong><\/li>\n<li><strong>Inclui Bac Water<\/strong><\/li>\n<\/ul>\n<p data-start=\"1599\" data-end=\"1624\"><strong data-start=\"1602\" data-end=\"1622\">Considera\u00e7\u00f5es:<\/strong><\/p>\n<ul data-start=\"1625\" data-end=\"1932\">\n<li data-start=\"1625\" data-end=\"1744\">Deve ser administrado sob um protocolo correto para evitar resist\u00eancia \u00e0 insulina ou reten\u00e7\u00e3o de l\u00edquidos.<\/li>\n<li data-start=\"1745\" data-end=\"1819\">Requer refrigera\u00e7\u00e3o para manter sua efic\u00e1cia e estabilidade.<\/li>\n<li data-start=\"1820\" data-end=\"1932\">Para melhores resultados, recomenda-se acompanh\u00e1-lo com um plano nutricional e treinamento estruturado.<\/li>\n<\/ul>\n","protected":false},"excerpt":{"rendered":"<p><strong>HGH Somatropina 36 UI<\/strong> da <strong>Alba Pharma<\/strong> \u00e9 um horm\u00f4nio de crescimento que ajuda a aumentar m\u00fasculos, perder gordura e regenerar c\u00e9lulas.<\/p>\n","protected":false},"featured_media":9167,"comment_status":"open","ping_status":"closed","template":"","meta":[],"product_cat":[363,239],"product_tag":[402,403,345,404],"class_list":{"0":"post-9528","1":"product","2":"type-product","3":"status-publish","4":"has-post-thumbnail","6":"product_cat-hgh-hgc-pos-ciclo","7":"product_cat-nao-categorizado","8":"product_tag-hgh36","9":"product_tag-hormonio","10":"product_tag-peptideo","11":"product_tag-somatropina","13":"first","14":"instock","15":"purchasable","16":"product-type-simple"},"_links":{"self":[{"href":"https:\/\/www.alba-pharma.com\/pt-br\/wp-json\/wp\/v2\/product\/9528","targetHints":{"allow":["GET"]}}],"collection":[{"href":"https:\/\/www.alba-pharma.com\/pt-br\/wp-json\/wp\/v2\/product"}],"about":[{"href":"https:\/\/www.alba-pharma.com\/pt-br\/wp-json\/wp\/v2\/types\/product"}],"replies":[{"embeddable":true,"href":"https:\/\/www.alba-pharma.com\/pt-br\/wp-json\/wp\/v2\/comments?post=9528"}],"wp:featuredmedia":[{"embeddable":true,"href":"https:\/\/www.alba-pharma.com\/pt-br\/wp-json\/wp\/v2\/media\/9167"}],"wp:attachment":[{"href":"https:\/\/www.alba-pharma.com\/pt-br\/wp-json\/wp\/v2\/media?parent=9528"}],"wp:term":[{"taxonomy":"product_cat","embeddable":true,"href":"https:\/\/www.alba-pharma.com\/pt-br\/wp-json\/wp\/v2\/product_cat?post=9528"},{"taxonomy":"product_tag","embeddable":true,"href":"https:\/\/www.alba-pharma.com\/pt-br\/wp-json\/wp\/v2\/product_tag?post=9528"}],"curies":[{"name":"wp","href":"https:\/\/api.w.org\/{rel}","templated":true}]}}