{"id":9532,"date":"2024-10-29T12:17:56","date_gmt":"2024-10-29T18:17:56","guid":{"rendered":"https:\/\/www.alba-pharma.com\/producto\/tri-trenbo-200-mg-10-ml-frasco-de-injecao\/"},"modified":"2024-10-29T12:17:56","modified_gmt":"2024-10-29T18:17:56","slug":"tri-trenbo-200-mg-10-ml-frasco-de-injecao","status":"publish","type":"product","link":"https:\/\/www.alba-pharma.com\/pt-br\/producto\/tri-trenbo-200-mg-10-ml-frasco-de-injecao\/","title":{"rendered":"TRI TRENBO &#8211; 200 mg &#8211; 10 ml &#8211; Frasco de Inje\u00e7\u00e3o"},"content":{"rendered":"<p>O <strong>TRI TRENBO<\/strong> da <strong>Alba Pharma<\/strong> \u00e9 um frasco de m\u00faltiplas inje\u00e7\u00f5es com um conte\u00fado total de <strong>10 ml<\/strong>, formulado com uma combina\u00e7\u00e3o potente de <strong>Trenbolone Acetate, Trenbolone Enanthate e Trenbolone Hexahydrobenzylcarbonate<\/strong>, totalizando <strong>200 mg<\/strong> por ml. Este produto \u00e9 amplamente utilizado por fisiculturistas e atletas avan\u00e7ados para promover o desenvolvimento de massa muscular e for\u00e7a durante os ciclos de treinamento mais intensos. <\/p>\n<ul>\n<li>A autenticidade do produto pode ser verificada escaneando o c\u00f3digo QR na embalagem.<\/li>\n<\/ul>\n<p><strong>Advert\u00eancias:<\/strong><\/p>\n<ul>\n<li>Produto apenas para uso injet\u00e1vel.<\/li>\n<li>Manter fora do alcance das crian\u00e7as.<\/li>\n<li>Armazenar em local seco e fresco.<\/li>\n<\/ul>\n<p><strong>Caracter\u00edsticas:<\/strong><\/p>\n<ul>\n<li><strong>200 mg de mistura de Trenbolone Acetate, Trenbolone Enanthate e Trenbolone Hexahydrobenzylcarbonate por ml<\/strong><\/li>\n<li><strong>10 ml por frasco<\/strong><\/li>\n<li><strong>Injet\u00e1vel<\/strong><\/li>\n<\/ul>\n","protected":false},"excerpt":{"rendered":"<p><strong>TRI TRENBO<\/strong> da <strong>Alba Pharma<\/strong> \u00e9 um frasco de m\u00faltiplas inje\u00e7\u00f5es com um conte\u00fado total de <strong>10 ml<\/strong>, formulado com uma combina\u00e7\u00e3o potente de <strong>Trenbolone Acetate, Trenbolone Enanthate e Trenbolone Hexahydrobenzylcarbonate<\/strong>, totalizando <strong>200 mg<\/strong> por ml.<\/p>\n<p>Este produto \u00e9 amplamente utilizado por fisiculturistas e atletas avan\u00e7ados para promover o desenvolvimento de massa muscular e for\u00e7a durante os ciclos de treinamento mais intensos.<\/p>\n","protected":false},"featured_media":8513,"comment_status":"open","ping_status":"closed","template":"","meta":[],"product_cat":[398,415,414],"product_tag":[401,400,417,416,418],"class_list":{"0":"post-9532","1":"product","2":"type-product","3":"status-publish","4":"has-post-thumbnail","6":"product_cat-frascos-injetaveis","7":"product_cat-misturas-excentricas","8":"product_cat-trenbolones","9":"product_tag-esteroides-injetaveis","10":"product_tag-injetavel","11":"product_tag-trenbolone-acetate","12":"product_tag-trenbolone-enanthate","13":"product_tag-trenbolone-hexahydrobenzylcarbonate","15":"first","16":"instock","17":"purchasable","18":"product-type-simple"},"_links":{"self":[{"href":"https:\/\/www.alba-pharma.com\/pt-br\/wp-json\/wp\/v2\/product\/9532","targetHints":{"allow":["GET"]}}],"collection":[{"href":"https:\/\/www.alba-pharma.com\/pt-br\/wp-json\/wp\/v2\/product"}],"about":[{"href":"https:\/\/www.alba-pharma.com\/pt-br\/wp-json\/wp\/v2\/types\/product"}],"replies":[{"embeddable":true,"href":"https:\/\/www.alba-pharma.com\/pt-br\/wp-json\/wp\/v2\/comments?post=9532"}],"wp:featuredmedia":[{"embeddable":true,"href":"https:\/\/www.alba-pharma.com\/pt-br\/wp-json\/wp\/v2\/media\/8513"}],"wp:attachment":[{"href":"https:\/\/www.alba-pharma.com\/pt-br\/wp-json\/wp\/v2\/media?parent=9532"}],"wp:term":[{"taxonomy":"product_cat","embeddable":true,"href":"https:\/\/www.alba-pharma.com\/pt-br\/wp-json\/wp\/v2\/product_cat?post=9532"},{"taxonomy":"product_tag","embeddable":true,"href":"https:\/\/www.alba-pharma.com\/pt-br\/wp-json\/wp\/v2\/product_tag?post=9532"}],"curies":[{"name":"wp","href":"https:\/\/api.w.org\/{rel}","templated":true}]}}