{"id":9550,"date":"2024-10-29T11:53:18","date_gmt":"2024-10-29T17:53:18","guid":{"rendered":"https:\/\/www.alba-pharma.com\/producto\/trenb-a-100-mg-10-ml-frasco-injetavel\/"},"modified":"2024-10-29T11:53:18","modified_gmt":"2024-10-29T17:53:18","slug":"trenb-a-100-mg-10-ml-frasco-injetavel","status":"publish","type":"product","link":"https:\/\/www.alba-pharma.com\/pt-br\/produto\/trenb-a-100-mg-10-ml-frasco-injetavel\/","title":{"rendered":"TRENB A &#8211; 100 mg &#8211; 10 ml &#8211; Frasco Injet\u00e1vel"},"content":{"rendered":"<p>O <strong>TRENB A<\/strong> da <strong>Alba Pharma<\/strong> \u00e9 um frasco de m\u00faltiplas doses com um conte\u00fado total de <strong>10 ml<\/strong>, formulado com <strong>100 mg de Acetato de Trembolona por ml<\/strong>. Este produto \u00e9 amplamente utilizado por fisiculturistas e atletas para promover o desenvolvimento de massa muscular e for\u00e7a durante os ciclos de treinamento intensivo. <\/p>\n<ul>\n<li>A autenticidade do produto pode ser verificada escaneando o c\u00f3digo QR na embalagem.<\/li>\n<\/ul>\n<p><strong>Advert\u00eancias:<\/strong><\/p>\n<ul>\n<li>Produto apenas para uso injet\u00e1vel.<\/li>\n<li>Manter fora do alcance das crian\u00e7as.<\/li>\n<li>Armazenar em local seco e fresco.<\/li>\n<\/ul>\n<p><strong>Caracter\u00edsticas:<\/strong><\/p>\n<ul>\n<li><strong>100 mg de Acetato de Trembolona por ml<\/strong><\/li>\n<li><strong>10 ml por frasco<\/strong><\/li>\n<li><strong>Injet\u00e1vel<\/strong><\/li>\n<\/ul>\n","protected":false},"excerpt":{"rendered":"<p>O <strong>TRENB A<\/strong> da <strong>Alba Pharma<\/strong> \u00e9 um frasco de m\u00faltiplas doses com um conte\u00fado total de <strong>10 ml<\/strong>, formulado com <strong>100 mg de Acetato de Trembolona por ml<\/strong>. Este produto \u00e9 amplamente utilizado por fisiculturistas e atletas para promover o desenvolvimento de massa muscular e for\u00e7a durante os ciclos de treinamento intensivo. <\/p>\n","protected":false},"featured_media":8487,"comment_status":"open","ping_status":"closed","template":"","meta":[],"product_cat":[398,414],"product_tag":[401,400,417],"class_list":{"0":"post-9550","1":"product","2":"type-product","3":"status-publish","4":"has-post-thumbnail","6":"product_cat-frascos-injetaveis","7":"product_cat-trenbolones","8":"product_tag-esteroides-injetaveis","9":"product_tag-injetavel","10":"product_tag-trenbolone-acetate","12":"first","13":"instock","14":"purchasable","15":"product-type-simple"},"_links":{"self":[{"href":"https:\/\/www.alba-pharma.com\/pt-br\/wp-json\/wp\/v2\/product\/9550","targetHints":{"allow":["GET"]}}],"collection":[{"href":"https:\/\/www.alba-pharma.com\/pt-br\/wp-json\/wp\/v2\/product"}],"about":[{"href":"https:\/\/www.alba-pharma.com\/pt-br\/wp-json\/wp\/v2\/types\/product"}],"replies":[{"embeddable":true,"href":"https:\/\/www.alba-pharma.com\/pt-br\/wp-json\/wp\/v2\/comments?post=9550"}],"wp:featuredmedia":[{"embeddable":true,"href":"https:\/\/www.alba-pharma.com\/pt-br\/wp-json\/wp\/v2\/media\/8487"}],"wp:attachment":[{"href":"https:\/\/www.alba-pharma.com\/pt-br\/wp-json\/wp\/v2\/media?parent=9550"}],"wp:term":[{"taxonomy":"product_cat","embeddable":true,"href":"https:\/\/www.alba-pharma.com\/pt-br\/wp-json\/wp\/v2\/product_cat?post=9550"},{"taxonomy":"product_tag","embeddable":true,"href":"https:\/\/www.alba-pharma.com\/pt-br\/wp-json\/wp\/v2\/product_tag?post=9550"}],"curies":[{"name":"wp","href":"https:\/\/api.w.org\/{rel}","templated":true}]}}