{"id":9588,"date":"2024-10-29T11:12:26","date_gmt":"2024-10-29T17:12:26","guid":{"rendered":"https:\/\/www.alba-pharma.com\/producto\/susta-275-275-mg-10-ml-frasco-de-injecao\/"},"modified":"2024-10-29T11:12:26","modified_gmt":"2024-10-29T17:12:26","slug":"susta-275-275-mg-10-ml-frasco-de-injecao","status":"publish","type":"product","link":"https:\/\/www.alba-pharma.com\/pt-br\/producto\/susta-275-275-mg-10-ml-frasco-de-injecao\/","title":{"rendered":"SUSTA 275 &#8211; 275 mg &#8211; 10 ml &#8211; Frasco de Inje\u00e7\u00e3o"},"content":{"rendered":"<p>O <strong>SUSTA 275<\/strong> da <strong>Alba Pharma<\/strong> \u00e9 um frasco de m\u00faltiplas inje\u00e7\u00f5es com um conte\u00fado total de <strong>10 ml<\/strong>, formulado com uma potente mistura de <strong>Acetato de Testosterona, Propionato de Testosterona, Cipionato de Testosterona e Decanoato de Testosterona<\/strong>, totalizando <strong>275 mg<\/strong> por ml. Este produto \u00e9 amplamente utilizado por fisiculturistas e atletas para promover o desenvolvimento de massa muscular e a melhora da for\u00e7a durante os ciclos de treinamento.<\/p>\n<ul>\n<li>A autenticidade do produto pode ser verificada escaneando o c\u00f3digo QR na embalagem.<\/li>\n<\/ul>\n<p><strong>Advert\u00eancias:<\/strong><\/p>\n<ul>\n<li>Produto apenas para uso injet\u00e1vel.<\/li>\n<li>Manter fora do alcance das crian\u00e7as.<\/li>\n<li>Armazenar em local seco e fresco.<\/li>\n<\/ul>\n<p><strong>Caracter\u00edsticas:<\/strong><\/p>\n<ul>\n<li><strong>275 mg de mistura de \u00e9steres de testosterona por ml<\/strong><\/li>\n<li><strong>10 ml por frasco<\/strong><\/li>\n<li><strong>Injet\u00e1vel<\/strong><\/li>\n<\/ul>\n","protected":false},"excerpt":{"rendered":"<p>O <strong>SUSTA 275<\/strong> da <strong>Alba Pharma<\/strong> \u00e9 um frasco de m\u00faltiplas inje\u00e7\u00f5es com um conte\u00fado total de <strong>10 ml<\/strong>, formulado com uma potente mistura de <strong>Acetato de Testosterona, Propionato de Testosterona, Cipionato de Testosterona e Decanoato de Testosterona<\/strong>, totalizando <strong>275 mg<\/strong> por ml.<\/p>\n<p>Este produto \u00e9 amplamente utilizado por fisiculturistas e atletas para promover o desenvolvimento de massa muscular e a melhora da for\u00e7a durante os ciclos de treinamento.<\/p>\n","protected":false},"featured_media":8460,"comment_status":"open","ping_status":"closed","template":"","meta":[],"product_cat":[398,431],"product_tag":[440,439,401,400,432,433],"class_list":{"0":"post-9588","1":"product","2":"type-product","3":"status-publish","4":"has-post-thumbnail","6":"product_cat-frascos-injetaveis","7":"product_cat-testosterona","8":"product_tag-acetato-de-testosterona","9":"product_tag-decanoato-de-testosterona","10":"product_tag-esteroides-injetaveis","11":"product_tag-injetavel","12":"product_tag-testosterone-cypionate","13":"product_tag-testosterone-propionate","15":"first","16":"instock","17":"purchasable","18":"product-type-simple"},"_links":{"self":[{"href":"https:\/\/www.alba-pharma.com\/pt-br\/wp-json\/wp\/v2\/product\/9588","targetHints":{"allow":["GET"]}}],"collection":[{"href":"https:\/\/www.alba-pharma.com\/pt-br\/wp-json\/wp\/v2\/product"}],"about":[{"href":"https:\/\/www.alba-pharma.com\/pt-br\/wp-json\/wp\/v2\/types\/product"}],"replies":[{"embeddable":true,"href":"https:\/\/www.alba-pharma.com\/pt-br\/wp-json\/wp\/v2\/comments?post=9588"}],"wp:featuredmedia":[{"embeddable":true,"href":"https:\/\/www.alba-pharma.com\/pt-br\/wp-json\/wp\/v2\/media\/8460"}],"wp:attachment":[{"href":"https:\/\/www.alba-pharma.com\/pt-br\/wp-json\/wp\/v2\/media?parent=9588"}],"wp:term":[{"taxonomy":"product_cat","embeddable":true,"href":"https:\/\/www.alba-pharma.com\/pt-br\/wp-json\/wp\/v2\/product_cat?post=9588"},{"taxonomy":"product_tag","embeddable":true,"href":"https:\/\/www.alba-pharma.com\/pt-br\/wp-json\/wp\/v2\/product_tag?post=9588"}],"curies":[{"name":"wp","href":"https:\/\/api.w.org\/{rel}","templated":true}]}}