{"id":9621,"date":"2024-10-29T10:55:38","date_gmt":"2024-10-29T16:55:38","guid":{"rendered":"https:\/\/www.alba-pharma.com\/producto\/propio-100-100-mg-10-ml-frasco-de-injecao\/"},"modified":"2024-10-29T10:55:38","modified_gmt":"2024-10-29T16:55:38","slug":"propio-100-100-mg-10-ml-frasco-de-injecao","status":"publish","type":"product","link":"https:\/\/www.alba-pharma.com\/pt-br\/producto\/propio-100-100-mg-10-ml-frasco-de-injecao\/","title":{"rendered":"PROPIO 100 &#8211; 100 mg &#8211; 10 ml &#8211; Frasco de Inje\u00e7\u00e3o"},"content":{"rendered":"<p>O <strong>PROPIO 100<\/strong> da <strong>Alba Pharma<\/strong> \u00e9 um frasco de m\u00faltiplas inje\u00e7\u00f5es com conte\u00fado total de <strong>10 ml<\/strong>, formulado com <strong>100 mg de Propionato de Testosterona por ml<\/strong>. Este produto \u00e9 utilizado por fisiculturistas e atletas para promover o desenvolvimento de massa muscular e for\u00e7a durante os ciclos de treinamento. <\/p>\n<ul>\n<li>A autenticidade do produto pode ser verificada escaneando o c\u00f3digo QR na embalagem.<\/li>\n<\/ul>\n<p><strong>Advert\u00eancias:<\/strong><\/p>\n<ul>\n<li>Produto apenas para uso injet\u00e1vel.<\/li>\n<li>Manter fora do alcance das crian\u00e7as.<\/li>\n<li>Armazenar em local seco e fresco.<\/li>\n<\/ul>\n<p><strong>Caracter\u00edsticas:<\/strong><\/p>\n<ul>\n<li><strong>100 mg de Propionato de Testosterona por ml<\/strong><\/li>\n<li><strong>10 ml por frasco<\/strong><\/li>\n<li><strong>Injet\u00e1vel<\/strong><\/li>\n<\/ul>\n","protected":false},"excerpt":{"rendered":"<p>O <strong>PROPIO 100<\/strong> da <strong>Alba Pharma<\/strong> \u00e9 um frasco de m\u00faltiplas inje\u00e7\u00f5es com conte\u00fado total de <strong>10 ml<\/strong>, formulado com <strong>100 mg de Propionato de Testosterona por ml<\/strong>.<\/p>\n<p>Este produto \u00e9 utilizado por fisiculturistas e atletas para promover o desenvolvimento de massa muscular e for\u00e7a durante os ciclos de treinamento.<\/p>\n","protected":false},"featured_media":8454,"comment_status":"open","ping_status":"closed","template":"","meta":[],"product_cat":[398,431],"product_tag":[401,400,447,433],"class_list":{"0":"post-9621","1":"product","2":"type-product","3":"status-publish","4":"has-post-thumbnail","6":"product_cat-frascos-injetaveis","7":"product_cat-testosterona","8":"product_tag-esteroides-injetaveis","9":"product_tag-injetavel","10":"product_tag-suplemento-esportivo","11":"product_tag-testosterone-propionate","13":"first","14":"instock","15":"purchasable","16":"product-type-simple"},"_links":{"self":[{"href":"https:\/\/www.alba-pharma.com\/pt-br\/wp-json\/wp\/v2\/product\/9621","targetHints":{"allow":["GET"]}}],"collection":[{"href":"https:\/\/www.alba-pharma.com\/pt-br\/wp-json\/wp\/v2\/product"}],"about":[{"href":"https:\/\/www.alba-pharma.com\/pt-br\/wp-json\/wp\/v2\/types\/product"}],"replies":[{"embeddable":true,"href":"https:\/\/www.alba-pharma.com\/pt-br\/wp-json\/wp\/v2\/comments?post=9621"}],"wp:featuredmedia":[{"embeddable":true,"href":"https:\/\/www.alba-pharma.com\/pt-br\/wp-json\/wp\/v2\/media\/8454"}],"wp:attachment":[{"href":"https:\/\/www.alba-pharma.com\/pt-br\/wp-json\/wp\/v2\/media?parent=9621"}],"wp:term":[{"taxonomy":"product_cat","embeddable":true,"href":"https:\/\/www.alba-pharma.com\/pt-br\/wp-json\/wp\/v2\/product_cat?post=9621"},{"taxonomy":"product_tag","embeddable":true,"href":"https:\/\/www.alba-pharma.com\/pt-br\/wp-json\/wp\/v2\/product_tag?post=9621"}],"curies":[{"name":"wp","href":"https:\/\/api.w.org\/{rel}","templated":true}]}}