{"id":9656,"date":"2024-10-28T13:14:17","date_gmt":"2024-10-28T19:14:17","guid":{"rendered":"https:\/\/www.alba-pharma.com\/producto\/npp-100-mg-10-ml-frasco-injetavel\/"},"modified":"2024-10-28T13:14:17","modified_gmt":"2024-10-28T19:14:17","slug":"npp-100-mg-10-ml-frasco-injetavel","status":"publish","type":"product","link":"https:\/\/www.alba-pharma.com\/pt-br\/producto\/npp-100-mg-10-ml-frasco-injetavel\/","title":{"rendered":"NPP 100 mg &#8211; 10 ml &#8211; Frasco Injet\u00e1vel"},"content":{"rendered":"<p>O <strong>NPP<\/strong> da <strong>Alba Pharma<\/strong> \u00e9 um frasco multidose com um conte\u00fado total de <strong>10 ml<\/strong>, formulado com <strong>100 mg de Fenilpropionato de Nandrolona por ml<\/strong>.<\/p>\n<p>Este produto \u00e9 amplamente utilizado por fisiculturistas e atletas para promover o desenvolvimento de massa muscular e a reten\u00e7\u00e3o de for\u00e7a durante os ciclos de treinamento.<\/p>\n<ul>\n<li>A autenticidade do produto pode ser verificada escaneando o c\u00f3digo QR na embalagem.<\/li>\n<\/ul>\n<p><strong>Advert\u00eancias:<\/strong><\/p>\n<ul>\n<li>Produto apenas para uso injet\u00e1vel.<\/li>\n<li>Manter fora do alcance das crian\u00e7as.<\/li>\n<li>Armazenar em local seco e fresco.<\/li>\n<\/ul>\n<p><strong>Caracter\u00edsticas:<\/strong><\/p>\n<ul>\n<li><strong>100 mg de Fenilpropionato de Nandrolona por ml<\/strong><\/li>\n<li><strong>10 ml por frasco<\/strong><\/li>\n<li><strong>Injet\u00e1vel<\/strong><\/li>\n<\/ul>\n","protected":false},"excerpt":{"rendered":"<p>O <strong>NPP<\/strong> da <strong>Alba Pharma<\/strong> \u00e9 um frasco multidose com um conte\u00fado total de <strong>10 ml<\/strong>, formulado com <strong>100 mg de Fenilpropionato de Nandrolona por ml<\/strong>.<\/p>\n<p>Este produto \u00e9 amplamente utilizado por fisiculturistas e atletas para promover o desenvolvimento de massa muscular e a reten\u00e7\u00e3o de for\u00e7a durante os ciclos de treinamento.<\/p>\n","protected":false},"featured_media":8416,"comment_status":"open","ping_status":"closed","template":"","meta":[],"product_cat":[398],"product_tag":[401,456,400],"class_list":{"0":"post-9656","1":"product","2":"type-product","3":"status-publish","4":"has-post-thumbnail","6":"product_cat-frascos-injetaveis","7":"product_tag-esteroides-injetaveis","8":"product_tag-fenilpropionato-de-nandrolona","9":"product_tag-injetavel","11":"first","12":"instock","13":"purchasable","14":"product-type-simple"},"_links":{"self":[{"href":"https:\/\/www.alba-pharma.com\/pt-br\/wp-json\/wp\/v2\/product\/9656","targetHints":{"allow":["GET"]}}],"collection":[{"href":"https:\/\/www.alba-pharma.com\/pt-br\/wp-json\/wp\/v2\/product"}],"about":[{"href":"https:\/\/www.alba-pharma.com\/pt-br\/wp-json\/wp\/v2\/types\/product"}],"replies":[{"embeddable":true,"href":"https:\/\/www.alba-pharma.com\/pt-br\/wp-json\/wp\/v2\/comments?post=9656"}],"wp:featuredmedia":[{"embeddable":true,"href":"https:\/\/www.alba-pharma.com\/pt-br\/wp-json\/wp\/v2\/media\/8416"}],"wp:attachment":[{"href":"https:\/\/www.alba-pharma.com\/pt-br\/wp-json\/wp\/v2\/media?parent=9656"}],"wp:term":[{"taxonomy":"product_cat","embeddable":true,"href":"https:\/\/www.alba-pharma.com\/pt-br\/wp-json\/wp\/v2\/product_cat?post=9656"},{"taxonomy":"product_tag","embeddable":true,"href":"https:\/\/www.alba-pharma.com\/pt-br\/wp-json\/wp\/v2\/product_tag?post=9656"}],"curies":[{"name":"wp","href":"https:\/\/api.w.org\/{rel}","templated":true}]}}