{"id":9718,"date":"2024-10-25T20:01:40","date_gmt":"2024-10-26T02:01:40","guid":{"rendered":"https:\/\/www.alba-pharma.com\/producto\/berserker-400-mg-10-ml-frasco-injetavel\/"},"modified":"2024-10-25T20:01:40","modified_gmt":"2024-10-26T02:01:40","slug":"berserker-400-mg-10-ml-frasco-injetavel","status":"publish","type":"product","link":"https:\/\/www.alba-pharma.com\/pt-br\/produto\/berserker-400-mg-10-ml-frasco-injetavel\/","title":{"rendered":"BERSERKER 400 mg &#8211; 10 ml &#8211; Frasco Injet\u00e1vel"},"content":{"rendered":"<p>O <strong>BERSERKER<\/strong> da <strong>Alba Pharma<\/strong> \u00e9 um frasco multi-dose com um conte\u00fado total de <strong>10 ml<\/strong>, formulado com uma potente mistura de <strong>Trenbolone Enanthate, Drostanolone Enanthate e Testosterone Enanthate<\/strong>. Esta combina\u00e7\u00e3o \u00e9 projetada para ciclos de aumento de massa muscular e for\u00e7a, sendo adequado para fisiculturistas avan\u00e7ados. <\/p>\n<p>A concentra\u00e7\u00e3o total \u00e9 de <strong>400 mg por ml<\/strong>.<\/p>\n<ul>\n<li>A autenticidade do produto pode ser verificada escaneando o c\u00f3digo QR na embalagem.<\/li>\n<\/ul>\n<p><strong>Advert\u00eancias:<\/strong><\/p>\n<ul>\n<li>Produto apenas para uso injet\u00e1vel.<\/li>\n<li>Manter fora do alcance das crian\u00e7as.<\/li>\n<li>Armazenar em local seco e fresco.<\/li>\n<\/ul>\n<p><strong>Caracter\u00edsticas:<\/strong><\/p>\n<ul>\n<li><strong>400 mg de mistura por ml (Trenbolone Enanthate, Drostanolone Enanthate, Testosterone Enanthate)<\/strong><\/li>\n<li><strong>10 ml por frasco<\/strong><\/li>\n<li><strong>Injet\u00e1vel<\/strong><\/li>\n<\/ul>\n","protected":false},"excerpt":{"rendered":"<p>O <strong>BERSERKER<\/strong> da <strong>Alba Pharma<\/strong> \u00e9 um frasco multi-dose com um conte\u00fado total de <strong>10 ml<\/strong>, formulado com uma potente mistura de <strong>Trenbolone Enanthate, Drostanolone Enanthate e Testosterone Enanthate<\/strong>. Esta combina\u00e7\u00e3o \u00e9 projetada para ciclos de aumento de massa muscular e for\u00e7a, sendo adequado para fisiculturistas avan\u00e7ados. <\/p>\n<p>A concentra\u00e7\u00e3o total \u00e9 de <strong>400 mg por ml<\/strong>.<\/p>\n","protected":false},"featured_media":8370,"comment_status":"open","ping_status":"closed","template":"","meta":[],"product_cat":[398,415,414],"product_tag":[464,401,400,451,416],"class_list":{"0":"post-9718","1":"product","2":"type-product","3":"status-publish","4":"has-post-thumbnail","6":"product_cat-frascos-injetaveis","7":"product_cat-misturas-excentricas","8":"product_cat-trenbolones","9":"product_tag-drostanolone-enanthate","10":"product_tag-esteroides-injetaveis","11":"product_tag-injetavel","12":"product_tag-testosterone-enanthate","13":"product_tag-trenbolone-enanthate","15":"first","16":"instock","17":"purchasable","18":"product-type-simple"},"_links":{"self":[{"href":"https:\/\/www.alba-pharma.com\/pt-br\/wp-json\/wp\/v2\/product\/9718","targetHints":{"allow":["GET"]}}],"collection":[{"href":"https:\/\/www.alba-pharma.com\/pt-br\/wp-json\/wp\/v2\/product"}],"about":[{"href":"https:\/\/www.alba-pharma.com\/pt-br\/wp-json\/wp\/v2\/types\/product"}],"replies":[{"embeddable":true,"href":"https:\/\/www.alba-pharma.com\/pt-br\/wp-json\/wp\/v2\/comments?post=9718"}],"wp:featuredmedia":[{"embeddable":true,"href":"https:\/\/www.alba-pharma.com\/pt-br\/wp-json\/wp\/v2\/media\/8370"}],"wp:attachment":[{"href":"https:\/\/www.alba-pharma.com\/pt-br\/wp-json\/wp\/v2\/media?parent=9718"}],"wp:term":[{"taxonomy":"product_cat","embeddable":true,"href":"https:\/\/www.alba-pharma.com\/pt-br\/wp-json\/wp\/v2\/product_cat?post=9718"},{"taxonomy":"product_tag","embeddable":true,"href":"https:\/\/www.alba-pharma.com\/pt-br\/wp-json\/wp\/v2\/product_tag?post=9718"}],"curies":[{"name":"wp","href":"https:\/\/api.w.org\/{rel}","templated":true}]}}