{"id":9733,"date":"2024-10-25T16:30:36","date_gmt":"2024-10-25T22:30:36","guid":{"rendered":"https:\/\/www.alba-pharma.com\/producto\/stano-10-mg-100-comprimidos-administracao-oral\/"},"modified":"2024-10-25T16:30:36","modified_gmt":"2024-10-25T22:30:36","slug":"stano-10-mg-100-comprimidos-administracao-oral","status":"publish","type":"product","link":"https:\/\/www.alba-pharma.com\/pt-br\/producto\/stano-10-mg-100-comprimidos-administracao-oral\/","title":{"rendered":"STANO 10 mg &#8211; 100 Comprimidos &#8211; Administra\u00e7\u00e3o Oral"},"content":{"rendered":"<p>O <strong>STANO<\/strong> (stanozolol) tamb\u00e9m conhecido como winstrol da <strong>Alba Pharma<\/strong> est\u00e1 formulado para administra\u00e7\u00e3o oral e cont\u00e9m <strong>10 mg de Stanozolol<\/strong> por comprimido. \u00c9 conhecido por seus efeitos na melhora da massa muscular magra e defini\u00e7\u00e3o, sendo popular entre fisiculturistas e atletas. A apresenta\u00e7\u00e3o inclui <strong>100 comprimidos<\/strong>.  <\/p>\n<ul>\n<li>Pode-se verificar a autenticidade do produto escaneando o c\u00f3digo QR na embalagem.<\/li>\n<\/ul>\n<p><strong>Advert\u00eancias:<\/strong><\/p>\n<ul>\n<li>Manter fora do alcance das crian\u00e7as.<\/li>\n<li>Armazenar em local seco e fresco.<\/li>\n<li>Consultar um m\u00e9dico antes de usar.<\/li>\n<\/ul>\n<p><strong>Caracter\u00edsticas:<\/strong><\/p>\n<ul>\n<li><strong>10 mg de Stanozolol por comprimido<\/strong><\/li>\n<li><strong>100 comprimidos por embalagem<\/strong><\/li>\n<li><strong>Administra\u00e7\u00e3o Oral<\/strong><\/li>\n<\/ul>\n","protected":false},"excerpt":{"rendered":"<p>O <strong>STANO<\/strong> (stanozolol) tamb\u00e9m conhecido como winstrol da <strong>Alba Pharma<\/strong> est\u00e1 formulado para administra\u00e7\u00e3o oral e cont\u00e9m <strong>10 mg de Stanozolol<\/strong> por comprimido. \u00c9 conhecido por seus efeitos na melhora da massa muscular magra e defini\u00e7\u00e3o, sendo popular entre fisiculturistas e atletas. A apresenta\u00e7\u00e3o inclui <strong>100 comprimidos<\/strong>.  <\/p>\n","protected":false},"featured_media":8363,"comment_status":"open","ping_status":"closed","template":"","meta":[],"product_cat":[468],"product_tag":[469,470,472,399],"class_list":{"0":"post-9733","1":"product","2":"type-product","3":"status-publish","4":"has-post-thumbnail","6":"product_cat-administracao-oral","7":"product_tag-administracao-oral-2","8":"product_tag-comprimidos","9":"product_tag-esteroides-orais","10":"product_tag-stanozolol","12":"first","13":"instock","14":"purchasable","15":"product-type-simple"},"_links":{"self":[{"href":"https:\/\/www.alba-pharma.com\/pt-br\/wp-json\/wp\/v2\/product\/9733","targetHints":{"allow":["GET"]}}],"collection":[{"href":"https:\/\/www.alba-pharma.com\/pt-br\/wp-json\/wp\/v2\/product"}],"about":[{"href":"https:\/\/www.alba-pharma.com\/pt-br\/wp-json\/wp\/v2\/types\/product"}],"replies":[{"embeddable":true,"href":"https:\/\/www.alba-pharma.com\/pt-br\/wp-json\/wp\/v2\/comments?post=9733"}],"wp:featuredmedia":[{"embeddable":true,"href":"https:\/\/www.alba-pharma.com\/pt-br\/wp-json\/wp\/v2\/media\/8363"}],"wp:attachment":[{"href":"https:\/\/www.alba-pharma.com\/pt-br\/wp-json\/wp\/v2\/media?parent=9733"}],"wp:term":[{"taxonomy":"product_cat","embeddable":true,"href":"https:\/\/www.alba-pharma.com\/pt-br\/wp-json\/wp\/v2\/product_cat?post=9733"},{"taxonomy":"product_tag","embeddable":true,"href":"https:\/\/www.alba-pharma.com\/pt-br\/wp-json\/wp\/v2\/product_tag?post=9733"}],"curies":[{"name":"wp","href":"https:\/\/api.w.org\/{rel}","templated":true}]}}