{"id":9753,"date":"2024-10-25T16:12:23","date_gmt":"2024-10-25T22:12:23","guid":{"rendered":"https:\/\/www.alba-pharma.com\/producto\/tamoxifen-20-mg-30-comprimidos-administracao-oral\/"},"modified":"2024-10-25T16:12:23","modified_gmt":"2024-10-25T22:12:23","slug":"tamoxifen-20-mg-30-comprimidos-administracao-oral","status":"publish","type":"product","link":"https:\/\/www.alba-pharma.com\/pt-br\/produto\/tamoxifen-20-mg-30-comprimidos-administracao-oral\/","title":{"rendered":"TAMOXIFEN 20 mg &#8211; 30 Comprimidos &#8211; Administra\u00e7\u00e3o Oral"},"content":{"rendered":"<p>O <strong>TAMOXIFEN<\/strong> da <strong>Alba Pharma<\/strong> \u00e9 formulado para administra\u00e7\u00e3o oral e cont\u00e9m <strong>20 mg de Tamoxifeno<\/strong> por comprimido. Este produto \u00e9 frequentemente utilizado no tratamento de certas condi\u00e7\u00f5es hormonais, incluindo terapias p\u00f3s-ciclo em atletas e fisiculturistas. <\/p>\n<ul>\n<li>A apresenta\u00e7\u00e3o inclui <strong>30 comprimidos<\/strong>.<\/li>\n<li>A autenticidade do produto pode ser verificada escaneando o c\u00f3digo QR na embalagem.<\/li>\n<\/ul>\n<p><strong>Advert\u00eancias:<\/strong><\/p>\n<ul>\n<li>Manter fora do alcance das crian\u00e7as.<\/li>\n<li>Armazenar em local seco e fresco.<\/li>\n<\/ul>\n<p><strong>Caracter\u00edsticas:<\/strong><\/p>\n<ul>\n<li><strong>20 mg de Tamoxifeno por comprimido<\/strong><\/li>\n<li><strong>30 comprimidos por embalagem<\/strong><\/li>\n<li><strong>Administra\u00e7\u00e3o Oral<\/strong><\/li>\n<\/ul>\n","protected":false},"excerpt":{"rendered":"<p>O <strong>TAMOXIFEN<\/strong> da <strong>Alba Pharma<\/strong> \u00e9 formulado para administra\u00e7\u00e3o oral e cont\u00e9m <strong>20 mg de Tamoxifeno<\/strong> por comprimido. Este produto \u00e9 frequentemente utilizado no tratamento de certas condi\u00e7\u00f5es hormonais, incluindo terapias p\u00f3s-ciclo em atletas e fisiculturistas. <\/p>\n<p>A apresenta\u00e7\u00e3o inclui <strong>30 comprimidos<\/strong>.<\/p>\n","protected":false},"featured_media":8355,"comment_status":"open","ping_status":"closed","template":"","meta":[],"product_cat":[468,363],"product_tag":[469,470,472,483],"class_list":{"0":"post-9753","1":"product","2":"type-product","3":"status-publish","4":"has-post-thumbnail","6":"product_cat-administracao-oral","7":"product_cat-hgh-hgc-pos-ciclo","8":"product_tag-administracao-oral-2","9":"product_tag-comprimidos","10":"product_tag-esteroides-orais","11":"product_tag-tamoxifeno","13":"first","14":"instock","15":"purchasable","16":"product-type-simple"},"_links":{"self":[{"href":"https:\/\/www.alba-pharma.com\/pt-br\/wp-json\/wp\/v2\/product\/9753","targetHints":{"allow":["GET"]}}],"collection":[{"href":"https:\/\/www.alba-pharma.com\/pt-br\/wp-json\/wp\/v2\/product"}],"about":[{"href":"https:\/\/www.alba-pharma.com\/pt-br\/wp-json\/wp\/v2\/types\/product"}],"replies":[{"embeddable":true,"href":"https:\/\/www.alba-pharma.com\/pt-br\/wp-json\/wp\/v2\/comments?post=9753"}],"wp:featuredmedia":[{"embeddable":true,"href":"https:\/\/www.alba-pharma.com\/pt-br\/wp-json\/wp\/v2\/media\/8355"}],"wp:attachment":[{"href":"https:\/\/www.alba-pharma.com\/pt-br\/wp-json\/wp\/v2\/media?parent=9753"}],"wp:term":[{"taxonomy":"product_cat","embeddable":true,"href":"https:\/\/www.alba-pharma.com\/pt-br\/wp-json\/wp\/v2\/product_cat?post=9753"},{"taxonomy":"product_tag","embeddable":true,"href":"https:\/\/www.alba-pharma.com\/pt-br\/wp-json\/wp\/v2\/product_tag?post=9753"}],"curies":[{"name":"wp","href":"https:\/\/api.w.org\/{rel}","templated":true}]}}