{"id":9756,"date":"2024-10-25T12:48:52","date_gmt":"2024-10-25T18:48:52","guid":{"rendered":"https:\/\/www.alba-pharma.com\/producto\/proviron-25-mg-60-comprimidos-administracao-oral\/"},"modified":"2026-04-16T19:31:00","modified_gmt":"2026-04-17T01:31:00","slug":"proviron-25-mg-60-comprimidos-administracao-oral","status":"publish","type":"product","link":"https:\/\/www.alba-pharma.com\/pt-br\/producto\/proviron-25-mg-60-comprimidos-administracao-oral\/","title":{"rendered":"PROVIRON 25 mg &#8211; 60 Comprimidos &#8211; Administra\u00e7\u00e3o Oral"},"content":{"rendered":"<p>O <strong>PROVIRON<\/strong> da <strong>Alba Pharma<\/strong> \u00e9 formulado para administra\u00e7\u00e3o oral e cont\u00e9m <strong>25 mg de Mesterolona<\/strong> por comprimido. \u00c9 frequentemente utilizado para equilibrar os n\u00edveis hormonais em homens, auxiliando em terapias hormonais. <\/p>\n<ul>\n<li>A apresenta\u00e7\u00e3o inclui <strong>60 comprimidos<\/strong>.<\/li>\n<li>Pode-se verificar a autenticidade do produto escaneando o c\u00f3digo QR na embalagem.<\/li>\n<\/ul>\n<p><strong>Advert\u00eancias:<\/strong><\/p>\n<ul>\n<li>Manter fora do alcance das crian\u00e7as.<\/li>\n<li>Armazenar em local seco e fresco.<\/li>\n<\/ul>\n<p><strong>Caracter\u00edsticas:<\/strong><\/p>\n<ul>\n<li><strong>25 mg de Mesterolona por comprimido<\/strong><\/li>\n<li><strong>60 comprimidos por embalagem<\/strong><\/li>\n<li><strong>Administra\u00e7\u00e3o Oral<\/strong><\/li>\n<\/ul>\n","protected":false},"excerpt":{"rendered":"<p>O <strong>PROVIRON<\/strong> da <strong>Alba Pharma<\/strong> \u00e9 formulado para administra\u00e7\u00e3o oral e cont\u00e9m <strong>25 mg de Mesterolona<\/strong> por comprimido. \u00c9 frequentemente utilizado para equilibrar os n\u00edveis hormonais em homens, auxiliando em terapias hormonais.  A apresenta\u00e7\u00e3o inclui <strong>60 comprimidos<\/strong>.<\/p>\n","protected":false},"featured_media":8331,"comment_status":"open","ping_status":"closed","template":"","meta":[],"product_cat":[468,363],"product_tag":[469,470,472,485],"class_list":{"0":"post-9756","1":"product","2":"type-product","3":"status-publish","4":"has-post-thumbnail","6":"product_cat-administracao-oral","7":"product_cat-hgh-hgc-pos-ciclo","8":"product_tag-administracao-oral-2","9":"product_tag-comprimidos","10":"product_tag-esteroides-orais","11":"product_tag-mesterolona","13":"first","14":"instock","15":"purchasable","16":"product-type-simple"},"_links":{"self":[{"href":"https:\/\/www.alba-pharma.com\/pt-br\/wp-json\/wp\/v2\/product\/9756","targetHints":{"allow":["GET"]}}],"collection":[{"href":"https:\/\/www.alba-pharma.com\/pt-br\/wp-json\/wp\/v2\/product"}],"about":[{"href":"https:\/\/www.alba-pharma.com\/pt-br\/wp-json\/wp\/v2\/types\/product"}],"replies":[{"embeddable":true,"href":"https:\/\/www.alba-pharma.com\/pt-br\/wp-json\/wp\/v2\/comments?post=9756"}],"wp:featuredmedia":[{"embeddable":true,"href":"https:\/\/www.alba-pharma.com\/pt-br\/wp-json\/wp\/v2\/media\/8331"}],"wp:attachment":[{"href":"https:\/\/www.alba-pharma.com\/pt-br\/wp-json\/wp\/v2\/media?parent=9756"}],"wp:term":[{"taxonomy":"product_cat","embeddable":true,"href":"https:\/\/www.alba-pharma.com\/pt-br\/wp-json\/wp\/v2\/product_cat?post=9756"},{"taxonomy":"product_tag","embeddable":true,"href":"https:\/\/www.alba-pharma.com\/pt-br\/wp-json\/wp\/v2\/product_tag?post=9756"}],"curies":[{"name":"wp","href":"https:\/\/api.w.org\/{rel}","templated":true}]}}