{"id":9759,"date":"2024-10-25T16:04:35","date_gmt":"2024-10-25T22:04:35","guid":{"rendered":"https:\/\/www.alba-pharma.com\/producto\/sildenafil-super-power-160-mg-8-comprimidos-administracao-oral\/"},"modified":"2024-10-25T16:04:35","modified_gmt":"2024-10-25T22:04:35","slug":"sildenafil-super-power-160-mg-8-comprimidos-administracao-oral","status":"publish","type":"product","link":"https:\/\/www.alba-pharma.com\/pt-br\/producto\/sildenafil-super-power-160-mg-8-comprimidos-administracao-oral\/","title":{"rendered":"SILDENAFIL SUPER POWER 160 mg &#8211; 8 Comprimidos &#8211; Administra\u00e7\u00e3o Oral"},"content":{"rendered":"<p>O <strong>SILDENAFIL SUPER POWER<\/strong> da <strong>Alba Pharma<\/strong> \u00e9 formulado para administra\u00e7\u00e3o oral e cont\u00e9m <strong>100 mg de Sildenafila<\/strong> e <strong>60 mg de Dapoxetina<\/strong> por comprimido. Este produto \u00e9 utilizado para tratar a disfun\u00e7\u00e3o er\u00e9til e a ejacula\u00e7\u00e3o precoce, melhorando o desempenho sexual masculino. <\/p>\n<ul>\n<li>A apresenta\u00e7\u00e3o inclui <strong>8 comprimidos<\/strong>.<\/li>\n<li>A autenticidade do produto pode ser verificada escaneando o c\u00f3digo QR na embalagem.<\/li>\n<\/ul>\n<p><strong>Advert\u00eancias:<\/strong><\/p>\n<ul>\n<li>Manter fora do alcance das crian\u00e7as.<\/li>\n<li>Armazenar em local seco e fresco.<\/li>\n<\/ul>\n<p><strong>Caracter\u00edsticas:<\/strong><\/p>\n<ul>\n<li><strong>100 mg de Sildenafila e 60 mg de Dapoxetina por comprimido<\/strong><\/li>\n<li><strong>8 comprimidos por embalagem<\/strong><\/li>\n<li><strong>Administra\u00e7\u00e3o Oral<\/strong><\/li>\n<\/ul>\n","protected":false},"excerpt":{"rendered":"<p><strong>SILDENAFIL SUPER POWER<\/strong> da <strong>Alba Pharma<\/strong> \u00e9 formulado para administra\u00e7\u00e3o oral e cont\u00e9m <strong>100 mg de Sildenafila<\/strong> e <strong>60 mg de Dapoxetina<\/strong> por comprimido. Este produto \u00e9 utilizado para tratar a disfun\u00e7\u00e3o er\u00e9til e a ejacula\u00e7\u00e3o precoce, melhorando o desempenho sexual masculino. <\/p>\n<p>A apresenta\u00e7\u00e3o inclui <strong>8 comprimidos<\/strong>.<\/p>\n","protected":false},"featured_media":8352,"comment_status":"open","ping_status":"closed","template":"","meta":[],"product_cat":[468,415,409],"product_tag":[469,470,489,472,490,488],"class_list":{"0":"post-9759","1":"product","2":"type-product","3":"status-publish","4":"has-post-thumbnail","6":"product_cat-administracao-oral","7":"product_cat-misturas-excentricas","8":"product_cat-saude-sexual","9":"product_tag-administracao-oral-2","10":"product_tag-comprimidos","11":"product_tag-dapoxetina","12":"product_tag-esteroides-orais","13":"product_tag-saude-sexual","14":"product_tag-sildenafila","16":"first","17":"instock","18":"purchasable","19":"product-type-simple"},"_links":{"self":[{"href":"https:\/\/www.alba-pharma.com\/pt-br\/wp-json\/wp\/v2\/product\/9759","targetHints":{"allow":["GET"]}}],"collection":[{"href":"https:\/\/www.alba-pharma.com\/pt-br\/wp-json\/wp\/v2\/product"}],"about":[{"href":"https:\/\/www.alba-pharma.com\/pt-br\/wp-json\/wp\/v2\/types\/product"}],"replies":[{"embeddable":true,"href":"https:\/\/www.alba-pharma.com\/pt-br\/wp-json\/wp\/v2\/comments?post=9759"}],"wp:featuredmedia":[{"embeddable":true,"href":"https:\/\/www.alba-pharma.com\/pt-br\/wp-json\/wp\/v2\/media\/8352"}],"wp:attachment":[{"href":"https:\/\/www.alba-pharma.com\/pt-br\/wp-json\/wp\/v2\/media?parent=9759"}],"wp:term":[{"taxonomy":"product_cat","embeddable":true,"href":"https:\/\/www.alba-pharma.com\/pt-br\/wp-json\/wp\/v2\/product_cat?post=9759"},{"taxonomy":"product_tag","embeddable":true,"href":"https:\/\/www.alba-pharma.com\/pt-br\/wp-json\/wp\/v2\/product_tag?post=9759"}],"curies":[{"name":"wp","href":"https:\/\/api.w.org\/{rel}","templated":true}]}}