{"id":9786,"date":"2024-10-25T09:28:57","date_gmt":"2024-10-25T15:28:57","guid":{"rendered":"https:\/\/www.alba-pharma.com\/producto\/clomifen-50-mg-30-comprimidos-administracao-oral\/"},"modified":"2026-04-16T19:31:48","modified_gmt":"2026-04-17T01:31:48","slug":"clomifen-50-mg-30-comprimidos-administracao-oral","status":"publish","type":"product","link":"https:\/\/www.alba-pharma.com\/pt-br\/producto\/clomifen-50-mg-30-comprimidos-administracao-oral\/","title":{"rendered":"CLOMIFEN 50 mg &#8211; 30 Comprimidos &#8211; Administra\u00e7\u00e3o Oral"},"content":{"rendered":"<p>O <strong>CLOMIFEN<\/strong> da <strong>Alba Pharma<\/strong> cont\u00e9m <strong>50 mg de Citrato de Clomifeno<\/strong> por comprimido, desenvolvido para administra\u00e7\u00e3o oral. \u00c9 comumente utilizado em terapias hormonais e de fertilidade. <\/p>\n<ul>\n<li>A apresenta\u00e7\u00e3o inclui <strong>30 comprimidos.<\/strong><\/li>\n<li>Verifique a autenticidade do produto atrav\u00e9s do c\u00f3digo QR na embalagem.<\/li>\n<\/ul>\n<p><strong>Advert\u00eancias:<\/strong><\/p>\n<ul>\n<li>Manter fora do alcance das crian\u00e7as.<\/li>\n<li>Armazenar em local seco e fresco.<\/li>\n<\/ul>\n<p><strong>Caracter\u00edsticas:<\/strong><\/p>\n<ul>\n<li><strong>50 mg de Citrato de Clomifeno por comprimido<\/strong><\/li>\n<li><strong>30 comprimidos por embalagem<\/strong><\/li>\n<li><strong>Administra\u00e7\u00e3o Oral<\/strong><\/li>\n<\/ul>\n","protected":false},"excerpt":{"rendered":"<p>O <strong>CLOMIFEN<\/strong> da <strong>Alba Pharma<\/strong> cont\u00e9m <strong>50 mg de Citrato de Clomifeno<\/strong> por comprimido, desenvolvido para administra\u00e7\u00e3o oral. \u00c9 comumente utilizado em terapias hormonais e de fertilidade. <\/p>\n<p>A apresenta\u00e7\u00e3o inclui <strong>30 comprimidos<\/strong> e \u00e9 formulado para oferecer resultados eficazes.<\/p>\n","protected":false},"featured_media":8316,"comment_status":"open","ping_status":"closed","template":"","meta":[],"product_cat":[468,363],"product_tag":[469,500,470,472],"class_list":{"0":"post-9786","1":"product","2":"type-product","3":"status-publish","4":"has-post-thumbnail","6":"product_cat-administracao-oral","7":"product_cat-hgh-hgc-pos-ciclo","8":"product_tag-administracao-oral-2","9":"product_tag-citrato-de-clomifeno","10":"product_tag-comprimidos","11":"product_tag-esteroides-orais","13":"first","14":"instock","15":"purchasable","16":"product-type-simple"},"_links":{"self":[{"href":"https:\/\/www.alba-pharma.com\/pt-br\/wp-json\/wp\/v2\/product\/9786","targetHints":{"allow":["GET"]}}],"collection":[{"href":"https:\/\/www.alba-pharma.com\/pt-br\/wp-json\/wp\/v2\/product"}],"about":[{"href":"https:\/\/www.alba-pharma.com\/pt-br\/wp-json\/wp\/v2\/types\/product"}],"replies":[{"embeddable":true,"href":"https:\/\/www.alba-pharma.com\/pt-br\/wp-json\/wp\/v2\/comments?post=9786"}],"wp:featuredmedia":[{"embeddable":true,"href":"https:\/\/www.alba-pharma.com\/pt-br\/wp-json\/wp\/v2\/media\/8316"}],"wp:attachment":[{"href":"https:\/\/www.alba-pharma.com\/pt-br\/wp-json\/wp\/v2\/media?parent=9786"}],"wp:term":[{"taxonomy":"product_cat","embeddable":true,"href":"https:\/\/www.alba-pharma.com\/pt-br\/wp-json\/wp\/v2\/product_cat?post=9786"},{"taxonomy":"product_tag","embeddable":true,"href":"https:\/\/www.alba-pharma.com\/pt-br\/wp-json\/wp\/v2\/product_tag?post=9786"}],"curies":[{"name":"wp","href":"https:\/\/api.w.org\/{rel}","templated":true}]}}