{"id":9791,"date":"2024-10-25T09:34:41","date_gmt":"2024-10-25T15:34:41","guid":{"rendered":"https:\/\/www.alba-pharma.com\/producto\/dianabol-20-mg-100-comprimidos-administracao-oral\/"},"modified":"2026-04-16T19:32:52","modified_gmt":"2026-04-17T01:32:52","slug":"dianabol-20-mg-100-comprimidos-administracao-oral","status":"publish","type":"product","link":"https:\/\/www.alba-pharma.com\/pt-br\/producto\/dianabol-20-mg-100-comprimidos-administracao-oral\/","title":{"rendered":"DIANABOL 20 mg &#8211; 100 Comprimidos &#8211; Administra\u00e7\u00e3o Oral"},"content":{"rendered":"<p><strong>Descri\u00e7\u00e3o Completa:<\/strong><br \/>\nO <strong>DIANABOL<\/strong> da <strong>Alba Pharma<\/strong> cont\u00e9m <strong>20 mg de Metandrostenolona<\/strong> por comprimido, desenvolvido para administra\u00e7\u00e3o oral. \u00c9 popularmente utilizado para o r\u00e1pido aumento de massa muscular e for\u00e7a. <\/p>\n<ul>\n<li>A apresenta\u00e7\u00e3o inclui <strong>100 comprimidos<\/strong>.<\/li>\n<li>Pode-se verificar a autenticidade do produto escaneando o c\u00f3digo QR na embalagem.<\/li>\n<\/ul>\n<p><strong>Advert\u00eancias:<\/strong><\/p>\n<ul>\n<li>Manter fora do alcance das crian\u00e7as.<\/li>\n<li>Armazenar em local seco e fresco.<\/li>\n<\/ul>\n<p><strong>Caracter\u00edsticas:<\/strong><\/p>\n<ul>\n<li><strong>20 mg de Metandrostenolona por comprimido<\/strong><\/li>\n<li><strong>100 comprimidos por embalagem<\/strong><\/li>\n<li><strong>Administra\u00e7\u00e3o Oral<\/strong><\/li>\n<\/ul>\n","protected":false},"excerpt":{"rendered":"<p><strong>DIANABOL<\/strong> da <strong>Alba Pharma<\/strong> cont\u00e9m <strong>20 mg de Metandrostenolona<\/strong> por comprimido, desenvolvido para administra\u00e7\u00e3o oral. \u00c9 popularmente utilizado para o r\u00e1pido aumento de massa muscular e for\u00e7a. <\/p>\n<p>A apresenta\u00e7\u00e3o inclui <strong>100 comprimidos<\/strong><\/p>\n","protected":false},"featured_media":8319,"comment_status":"open","ping_status":"closed","template":"","meta":[],"product_cat":[468],"product_tag":[469,470,472,497],"class_list":{"0":"post-9791","1":"product","2":"type-product","3":"status-publish","4":"has-post-thumbnail","6":"product_cat-administracao-oral","7":"product_tag-administracao-oral-2","8":"product_tag-comprimidos","9":"product_tag-esteroides-orais","10":"product_tag-metandrostenolona","12":"first","13":"instock","14":"purchasable","15":"product-type-simple"},"_links":{"self":[{"href":"https:\/\/www.alba-pharma.com\/pt-br\/wp-json\/wp\/v2\/product\/9791","targetHints":{"allow":["GET"]}}],"collection":[{"href":"https:\/\/www.alba-pharma.com\/pt-br\/wp-json\/wp\/v2\/product"}],"about":[{"href":"https:\/\/www.alba-pharma.com\/pt-br\/wp-json\/wp\/v2\/types\/product"}],"replies":[{"embeddable":true,"href":"https:\/\/www.alba-pharma.com\/pt-br\/wp-json\/wp\/v2\/comments?post=9791"}],"wp:featuredmedia":[{"embeddable":true,"href":"https:\/\/www.alba-pharma.com\/pt-br\/wp-json\/wp\/v2\/media\/8319"}],"wp:attachment":[{"href":"https:\/\/www.alba-pharma.com\/pt-br\/wp-json\/wp\/v2\/media?parent=9791"}],"wp:term":[{"taxonomy":"product_cat","embeddable":true,"href":"https:\/\/www.alba-pharma.com\/pt-br\/wp-json\/wp\/v2\/product_cat?post=9791"},{"taxonomy":"product_tag","embeddable":true,"href":"https:\/\/www.alba-pharma.com\/pt-br\/wp-json\/wp\/v2\/product_tag?post=9791"}],"curies":[{"name":"wp","href":"https:\/\/api.w.org\/{rel}","templated":true}]}}