{"id":9796,"date":"2024-10-25T10:16:13","date_gmt":"2024-10-25T16:16:13","guid":{"rendered":"https:\/\/www.alba-pharma.com\/producto\/oxandrozolol-20-mg-100-comprimidos-administracao-oral\/"},"modified":"2026-04-16T19:32:05","modified_gmt":"2026-04-17T01:32:05","slug":"oxandrozolol-20-mg-100-comprimidos-administracao-oral","status":"publish","type":"product","link":"https:\/\/www.alba-pharma.com\/pt-br\/producto\/oxandrozolol-20-mg-100-comprimidos-administracao-oral\/","title":{"rendered":"OXANDROZOLOL 20 mg &#8211; 100 Comprimidos &#8211; Administra\u00e7\u00e3o Oral"},"content":{"rendered":"<p>O <strong>OXANDROZOLOL<\/strong> da <strong>Alba Pharma<\/strong> \u00e9 projetado para administra\u00e7\u00e3o oral, combinando <strong>10 mg de Oxandrolona<\/strong> e <strong>10 mg de Stanozolol<\/strong> por comprimido. \u00c9 utilizado para promover o desenvolvimento muscular e melhorar a for\u00e7a, sendo adequado para atletas e fisiculturistas.<\/p>\n<ul>\n<li>A apresenta\u00e7\u00e3o inclui <strong>100 comprimidos<\/strong>.<\/li>\n<li>Voc\u00ea pode verificar a autenticidade do produto atrav\u00e9s do c\u00f3digo QR na embalagem.<\/li>\n<\/ul>\n<p><strong>Advert\u00eancias:<\/strong><\/p>\n<ul>\n<li>Manter fora do alcance das crian\u00e7as.<\/li>\n<li>Armazenar em local seco e fresco.<\/li>\n<\/ul>\n<p><strong>Caracter\u00edsticas:<\/strong><\/p>\n<ul>\n<li><strong>10 mg de Oxandrolona e 10 mg de Stanozolol por comprimido<\/strong><\/li>\n<li><strong>100 comprimidos por embalagem<\/strong><\/li>\n<li><strong>Administra\u00e7\u00e3o Oral<\/strong><\/li>\n<\/ul>\n","protected":false},"excerpt":{"rendered":"<p>O <strong>OXANDROZOLOL<\/strong> da <strong>Alba Pharma<\/strong> \u00e9 projetado para administra\u00e7\u00e3o oral, combinando <strong>10 mg de Oxandrolona<\/strong> e <strong>10 mg de Stanozolol<\/strong> por comprimido. \u00c9 utilizado para promover o desenvolvimento muscular e melhorar a for\u00e7a, sendo adequado para atletas e fisiculturistas.<\/p>\n<p>A apresenta\u00e7\u00e3o inclui <strong>100 comprimidos<\/strong>.<\/p>\n","protected":false},"featured_media":8324,"comment_status":"open","ping_status":"closed","template":"","meta":[],"product_cat":[468,415],"product_tag":[469,470,472,502,399],"class_list":{"0":"post-9796","1":"product","2":"type-product","3":"status-publish","4":"has-post-thumbnail","6":"product_cat-administracao-oral","7":"product_cat-misturas-excentricas","8":"product_tag-administracao-oral-2","9":"product_tag-comprimidos","10":"product_tag-esteroides-orais","11":"product_tag-oxandrolona","12":"product_tag-stanozolol","14":"first","15":"instock","16":"purchasable","17":"product-type-simple"},"_links":{"self":[{"href":"https:\/\/www.alba-pharma.com\/pt-br\/wp-json\/wp\/v2\/product\/9796","targetHints":{"allow":["GET"]}}],"collection":[{"href":"https:\/\/www.alba-pharma.com\/pt-br\/wp-json\/wp\/v2\/product"}],"about":[{"href":"https:\/\/www.alba-pharma.com\/pt-br\/wp-json\/wp\/v2\/types\/product"}],"replies":[{"embeddable":true,"href":"https:\/\/www.alba-pharma.com\/pt-br\/wp-json\/wp\/v2\/comments?post=9796"}],"wp:featuredmedia":[{"embeddable":true,"href":"https:\/\/www.alba-pharma.com\/pt-br\/wp-json\/wp\/v2\/media\/8324"}],"wp:attachment":[{"href":"https:\/\/www.alba-pharma.com\/pt-br\/wp-json\/wp\/v2\/media?parent=9796"}],"wp:term":[{"taxonomy":"product_cat","embeddable":true,"href":"https:\/\/www.alba-pharma.com\/pt-br\/wp-json\/wp\/v2\/product_cat?post=9796"},{"taxonomy":"product_tag","embeddable":true,"href":"https:\/\/www.alba-pharma.com\/pt-br\/wp-json\/wp\/v2\/product_tag?post=9796"}],"curies":[{"name":"wp","href":"https:\/\/api.w.org\/{rel}","templated":true}]}}