{"id":9799,"date":"2024-10-25T00:48:18","date_gmt":"2024-10-25T06:48:18","guid":{"rendered":"https:\/\/www.alba-pharma.com\/producto\/arimidex-1-mg-30-comprimidos-administracao-oral\/"},"modified":"2026-04-16T19:32:37","modified_gmt":"2026-04-17T01:32:37","slug":"arimidex-1-mg-30-comprimidos-administracao-oral","status":"publish","type":"product","link":"https:\/\/www.alba-pharma.com\/pt-br\/producto\/arimidex-1-mg-30-comprimidos-administracao-oral\/","title":{"rendered":"ARIMIDEX 1 mg &#8211; 30 Comprimidos &#8211; Administra\u00e7\u00e3o Oral"},"content":{"rendered":"<p>O suplemento <strong>ARIMIDEX<\/strong> da <strong>Alba Pharma<\/strong> cont\u00e9m <strong>1 mg de Anastrozol<\/strong> por comprimido, formulado para ser consumido por via oral. \u00c9 utilizado principalmente para regular os n\u00edveis de estrog\u00eanio no corpo, sendo eficaz para o tratamento em certas terapias hormonais. <\/p>\n<ul>\n<li>A apresenta\u00e7\u00e3o inclui <strong>30 comprimidos<\/strong><\/li>\n<li>A autenticidade do produto pode ser verificada atrav\u00e9s do c\u00f3digo QR na embalagem.<\/li>\n<\/ul>\n<p><strong>Advert\u00eancias:<\/strong><\/p>\n<ul>\n<li>Manter fora do alcance das crian\u00e7as.<\/li>\n<li>Armazenar em local seco e fresco.<\/li>\n<\/ul>\n<p><strong>Caracter\u00edsticas:<\/strong><\/p>\n<ul>\n<li><strong>1 mg de Anastrozol por comprimido<\/strong><\/li>\n<li><strong>30 comprimidos por embalagem<\/strong><\/li>\n<li><strong>Administra\u00e7\u00e3o Oral<\/strong><\/li>\n<\/ul>\n","protected":false},"excerpt":{"rendered":"<p>O suplemento <strong>ARIMIDEX<\/strong> da <strong>Alba Pharma<\/strong> cont\u00e9m <strong>1 mg de Anastrozol<\/strong> por comprimido, formulado para ser consumido por via oral. \u00c9 utilizado principalmente para regular os n\u00edveis de estrog\u00eanio no corpo, sendo eficaz para o tratamento em certas terapias hormonais. <\/p>\n<p>A apresenta\u00e7\u00e3o inclui <strong>30 comprimidos<\/strong><\/p>\n","protected":false},"featured_media":8310,"comment_status":"open","ping_status":"closed","template":"","meta":[],"product_cat":[468,363],"product_tag":[469,504,470,472],"class_list":{"0":"post-9799","1":"product","2":"type-product","3":"status-publish","4":"has-post-thumbnail","6":"product_cat-administracao-oral","7":"product_cat-hgh-hgc-pos-ciclo","8":"product_tag-administracao-oral-2","9":"product_tag-anastrozol","10":"product_tag-comprimidos","11":"product_tag-esteroides-orais","13":"first","14":"instock","15":"purchasable","16":"product-type-simple"},"_links":{"self":[{"href":"https:\/\/www.alba-pharma.com\/pt-br\/wp-json\/wp\/v2\/product\/9799","targetHints":{"allow":["GET"]}}],"collection":[{"href":"https:\/\/www.alba-pharma.com\/pt-br\/wp-json\/wp\/v2\/product"}],"about":[{"href":"https:\/\/www.alba-pharma.com\/pt-br\/wp-json\/wp\/v2\/types\/product"}],"replies":[{"embeddable":true,"href":"https:\/\/www.alba-pharma.com\/pt-br\/wp-json\/wp\/v2\/comments?post=9799"}],"wp:featuredmedia":[{"embeddable":true,"href":"https:\/\/www.alba-pharma.com\/pt-br\/wp-json\/wp\/v2\/media\/8310"}],"wp:attachment":[{"href":"https:\/\/www.alba-pharma.com\/pt-br\/wp-json\/wp\/v2\/media?parent=9799"}],"wp:term":[{"taxonomy":"product_cat","embeddable":true,"href":"https:\/\/www.alba-pharma.com\/pt-br\/wp-json\/wp\/v2\/product_cat?post=9799"},{"taxonomy":"product_tag","embeddable":true,"href":"https:\/\/www.alba-pharma.com\/pt-br\/wp-json\/wp\/v2\/product_tag?post=9799"}],"curies":[{"name":"wp","href":"https:\/\/api.w.org\/{rel}","templated":true}]}}