{"id":9802,"date":"2024-10-23T21:49:23","date_gmt":"2024-10-24T03:49:23","guid":{"rendered":"https:\/\/www.alba-pharma.com\/producto\/anavar-10-mg-100-comprimidos-administracao-oral\/"},"modified":"2026-04-16T19:32:29","modified_gmt":"2026-04-17T01:32:29","slug":"anavar-10-mg-100-comprimidos-administracao-oral","status":"publish","type":"product","link":"https:\/\/www.alba-pharma.com\/pt-br\/produto\/anavar-10-mg-100-comprimidos-administracao-oral\/","title":{"rendered":"ANAVAR 10 mg &#8211; 100 Comprimidos &#8211; Administra\u00e7\u00e3o Oral"},"content":{"rendered":"<p><strong>ANAVAR<\/strong>, tamb\u00e9m conhecido como OXA da <strong>Alba Pharma<\/strong>, cont\u00e9m <strong>10 mg de Oxandrolona<\/strong> por comprimido, formulado para administra\u00e7\u00e3o oral. Este produto \u00e9 perfeito para quem busca aumentar a massa muscular magra e melhorar a resist\u00eancia f\u00edsica. <\/p>\n<ul>\n<li>A apresenta\u00e7\u00e3o inclui <strong>100 comprimidos<\/strong><\/li>\n<li><strong>Verifique a autenticidade do seu produto<\/strong> usando o c\u00f3digo QR na embalagem.<\/li>\n<\/ul>\n<p><strong>Advert\u00eancias:<\/strong><\/p>\n<ul>\n<li><strong>Manter fora do alcance das crian\u00e7as.<\/strong><\/li>\n<li>Armazenar em local seco e fresco.<\/li>\n<\/ul>\n<p><strong>Caracter\u00edsticas:<\/strong><\/p>\n<ul>\n<li>10 mg de Oxandrolona por comprimido<\/li>\n<li>100 comprimidos por embalagem<\/li>\n<li><strong>Administra\u00e7\u00e3o Oral<\/strong><\/li>\n<\/ul>\n","protected":false},"excerpt":{"rendered":"<p><strong>ANAVAR<\/strong>, tamb\u00e9m conhecido como OXA da <strong>Alba Pharma<\/strong>, cont\u00e9m <strong>10 mg de Oxandrolona<\/strong> por comprimido, formulado para administra\u00e7\u00e3o oral. Este produto \u00e9 perfeito para quem busca aumentar a massa muscular magra e melhorar a resist\u00eancia f\u00edsica. <\/p>\n<p>A apresenta\u00e7\u00e3o inclui <strong>100 comprimidos.<\/strong><\/p>\n","protected":false},"featured_media":8224,"comment_status":"open","ping_status":"closed","template":"","meta":[],"product_cat":[468],"product_tag":[469,470,472,502],"class_list":{"0":"post-9802","1":"product","2":"type-product","3":"status-publish","4":"has-post-thumbnail","6":"product_cat-administracao-oral","7":"product_tag-administracao-oral-2","8":"product_tag-comprimidos","9":"product_tag-esteroides-orais","10":"product_tag-oxandrolona","12":"first","13":"instock","14":"purchasable","15":"product-type-simple"},"_links":{"self":[{"href":"https:\/\/www.alba-pharma.com\/pt-br\/wp-json\/wp\/v2\/product\/9802","targetHints":{"allow":["GET"]}}],"collection":[{"href":"https:\/\/www.alba-pharma.com\/pt-br\/wp-json\/wp\/v2\/product"}],"about":[{"href":"https:\/\/www.alba-pharma.com\/pt-br\/wp-json\/wp\/v2\/types\/product"}],"replies":[{"embeddable":true,"href":"https:\/\/www.alba-pharma.com\/pt-br\/wp-json\/wp\/v2\/comments?post=9802"}],"wp:featuredmedia":[{"embeddable":true,"href":"https:\/\/www.alba-pharma.com\/pt-br\/wp-json\/wp\/v2\/media\/8224"}],"wp:attachment":[{"href":"https:\/\/www.alba-pharma.com\/pt-br\/wp-json\/wp\/v2\/media?parent=9802"}],"wp:term":[{"taxonomy":"product_cat","embeddable":true,"href":"https:\/\/www.alba-pharma.com\/pt-br\/wp-json\/wp\/v2\/product_cat?post=9802"},{"taxonomy":"product_tag","embeddable":true,"href":"https:\/\/www.alba-pharma.com\/pt-br\/wp-json\/wp\/v2\/product_tag?post=9802"}],"curies":[{"name":"wp","href":"https:\/\/api.w.org\/{rel}","templated":true}]}}