{"id":9805,"date":"2024-10-25T00:58:21","date_gmt":"2024-10-25T06:58:21","guid":{"rendered":"https:\/\/www.alba-pharma.com\/producto\/clenbuterol-006-mg-100-comprimidos-administracao-oral\/"},"modified":"2026-04-16T19:32:21","modified_gmt":"2026-04-17T01:32:21","slug":"clenbuterol-006-mg-100-comprimidos-administracao-oral","status":"publish","type":"product","link":"https:\/\/www.alba-pharma.com\/pt-br\/producto\/clenbuterol-006-mg-100-comprimidos-administracao-oral\/","title":{"rendered":"CLENBUTEROL 0,06 mg &#8211; 100 Comprimidos &#8211; Administra\u00e7\u00e3o Oral"},"content":{"rendered":"<p>O suplemento <strong>CLENBUTEROL<\/strong> da <strong>Alba Pharma<\/strong> cont\u00e9m <strong>0,06 mg de Clenbuterol<\/strong> por comprimido, desenvolvido para administra\u00e7\u00e3o oral. \u00c9 conhecido por sua efic\u00e1cia no aumento da capacidade aer\u00f3bica e na queima de gordura, sendo ideal para atletas e pessoas em programas de condicionamento f\u00edsico. <\/p>\n<ul>\n<li>A apresenta\u00e7\u00e3o inclui <strong>100 comprimidos<\/strong>.<\/li>\n<li>Verifique a autenticidade do produto escaneando o c\u00f3digo QR na embalagem.<\/li>\n<\/ul>\n<p><strong>Advert\u00eancias:<\/strong><\/p>\n<ul>\n<li>Manter fora do alcance das crian\u00e7as.<\/li>\n<li>Armazenar em local seco e fresco.<\/li>\n<\/ul>\n<p><strong>Caracter\u00edsticas:<\/strong><\/p>\n<ul>\n<li><strong>0,06 mg de Clenbuterol por comprimido<\/strong><\/li>\n<li><strong>100 comprimidos por embalagem<\/strong><\/li>\n<li><strong>Administra\u00e7\u00e3o Oral<\/strong><\/li>\n<\/ul>\n","protected":false},"excerpt":{"rendered":"<p>O suplemento <strong>CLENBUTEROL<\/strong> da <strong>Alba Pharma<\/strong> cont\u00e9m <strong>0,06 mg de Clenbuterol<\/strong> por comprimido, desenvolvido para administra\u00e7\u00e3o oral. \u00c9 conhecido por sua efic\u00e1cia no aumento da capacidade aer\u00f3bica e na queima de gordura, sendo ideal para atletas e pessoas em programas de condicionamento f\u00edsico. <\/p>\n<p>A apresenta\u00e7\u00e3o inclui <strong>100 comprimidos<\/strong>.<\/p>\n","protected":false},"featured_media":8312,"comment_status":"open","ping_status":"closed","template":"","meta":[],"product_cat":[468],"product_tag":[469,506,470,472],"class_list":{"0":"post-9805","1":"product","2":"type-product","3":"status-publish","4":"has-post-thumbnail","6":"product_cat-administracao-oral","7":"product_tag-administracao-oral-2","8":"product_tag-clenbuterol","9":"product_tag-comprimidos","10":"product_tag-esteroides-orais","12":"first","13":"instock","14":"purchasable","15":"product-type-simple"},"_links":{"self":[{"href":"https:\/\/www.alba-pharma.com\/pt-br\/wp-json\/wp\/v2\/product\/9805","targetHints":{"allow":["GET"]}}],"collection":[{"href":"https:\/\/www.alba-pharma.com\/pt-br\/wp-json\/wp\/v2\/product"}],"about":[{"href":"https:\/\/www.alba-pharma.com\/pt-br\/wp-json\/wp\/v2\/types\/product"}],"replies":[{"embeddable":true,"href":"https:\/\/www.alba-pharma.com\/pt-br\/wp-json\/wp\/v2\/comments?post=9805"}],"wp:featuredmedia":[{"embeddable":true,"href":"https:\/\/www.alba-pharma.com\/pt-br\/wp-json\/wp\/v2\/media\/8312"}],"wp:attachment":[{"href":"https:\/\/www.alba-pharma.com\/pt-br\/wp-json\/wp\/v2\/media?parent=9805"}],"wp:term":[{"taxonomy":"product_cat","embeddable":true,"href":"https:\/\/www.alba-pharma.com\/pt-br\/wp-json\/wp\/v2\/product_cat?post=9805"},{"taxonomy":"product_tag","embeddable":true,"href":"https:\/\/www.alba-pharma.com\/pt-br\/wp-json\/wp\/v2\/product_tag?post=9805"}],"curies":[{"name":"wp","href":"https:\/\/api.w.org\/{rel}","templated":true}]}}