{"id":9816,"date":"2024-10-24T08:27:00","date_gmt":"2024-10-24T14:27:00","guid":{"rendered":"https:\/\/www.alba-pharma.com\/producto\/anadrol-50-mg-75-comprimidos-administracao-oral\/"},"modified":"2026-04-16T19:32:44","modified_gmt":"2026-04-17T01:32:44","slug":"anadrol-50-mg-75-comprimidos-administracao-oral","status":"publish","type":"product","link":"https:\/\/www.alba-pharma.com\/pt-br\/produto\/anadrol-50-mg-75-comprimidos-administracao-oral\/","title":{"rendered":"ANADROL 50 mg &#8211; 75 Comprimidos &#8211; Administra\u00e7\u00e3o Oral"},"content":{"rendered":"<p>O <strong>ANADROL<\/strong> conhecido tamb\u00e9m como OXYMETHOLONE da <strong>Alba Pharma<\/strong> cont\u00e9m <strong>50 mg de Oxymetholone<\/strong> por comprimido e \u00e9 formulado para ser consumido por via oral. Este produto \u00e9 ideal para aqueles que buscam aumentar sua massa muscular rapidamente e melhorar sua for\u00e7a geral. ANADROL \u00e9 confi\u00e1vel para atletas e profissionais do esporte.  <\/p>\n<ul>\n<li>Cont\u00e9m um total de <strong>75 comprimidos<\/strong><\/li>\n<li>Voc\u00ea pode verificar a autenticidade do produto mediante o c\u00f3digo QR inclu\u00eddo na embalagem.<\/li>\n<\/ul>\n<p><strong>Advert\u00eancias:<\/strong><\/p>\n<ul>\n<li>Manter fora do alcance das crian\u00e7as.<\/li>\n<li>Armazenar em local seco e fresco.<\/li>\n<\/ul>\n<p><strong>Caracter\u00edsticas:<\/strong><\/p>\n<ul>\n<li><strong>50 mg de Oxymetholone por comprimido<\/strong><\/li>\n<li><strong>75 comprimidos por embalagem<\/strong><\/li>\n<li><strong>Administra\u00e7\u00e3o Oral<\/strong><\/li>\n<\/ul>\n","protected":false},"excerpt":{"rendered":"<p>O <strong>ANADROL<\/strong> conhecido tamb\u00e9m como OXYMETHOLONE da <strong>Alba Pharma<\/strong> cont\u00e9m <strong>50 mg de Oxymetholone<\/strong> por comprimido e \u00e9 formulado para ser consumido por via oral. Este produto \u00e9 ideal para aqueles que buscam aumentar sua massa muscular rapidamente e melhorar sua for\u00e7a geral. ANADROL \u00e9 confi\u00e1vel para atletas e profissionais do esporte.  <\/p>\n<p>Cont\u00e9m um total de <strong>75 comprimidos<\/strong><\/p>\n","protected":false},"featured_media":8227,"comment_status":"open","ping_status":"closed","template":"","meta":[],"product_cat":[468],"product_tag":[469,470,472,509],"class_list":{"0":"post-9816","1":"product","2":"type-product","3":"status-publish","4":"has-post-thumbnail","6":"product_cat-administracao-oral","7":"product_tag-administracao-oral-2","8":"product_tag-comprimidos","9":"product_tag-esteroides-orais","10":"product_tag-oxymetholone","12":"first","13":"instock","14":"purchasable","15":"product-type-simple"},"_links":{"self":[{"href":"https:\/\/www.alba-pharma.com\/pt-br\/wp-json\/wp\/v2\/product\/9816","targetHints":{"allow":["GET"]}}],"collection":[{"href":"https:\/\/www.alba-pharma.com\/pt-br\/wp-json\/wp\/v2\/product"}],"about":[{"href":"https:\/\/www.alba-pharma.com\/pt-br\/wp-json\/wp\/v2\/types\/product"}],"replies":[{"embeddable":true,"href":"https:\/\/www.alba-pharma.com\/pt-br\/wp-json\/wp\/v2\/comments?post=9816"}],"wp:featuredmedia":[{"embeddable":true,"href":"https:\/\/www.alba-pharma.com\/pt-br\/wp-json\/wp\/v2\/media\/8227"}],"wp:attachment":[{"href":"https:\/\/www.alba-pharma.com\/pt-br\/wp-json\/wp\/v2\/media?parent=9816"}],"wp:term":[{"taxonomy":"product_cat","embeddable":true,"href":"https:\/\/www.alba-pharma.com\/pt-br\/wp-json\/wp\/v2\/product_cat?post=9816"},{"taxonomy":"product_tag","embeddable":true,"href":"https:\/\/www.alba-pharma.com\/pt-br\/wp-json\/wp\/v2\/product_tag?post=9816"}],"curies":[{"name":"wp","href":"https:\/\/api.w.org\/{rel}","templated":true}]}}